{"id":33,"date":"2026-01-21T12:40:37","date_gmt":"2026-01-21T11:40:37","guid":{"rendered":"https:\/\/gites-morteau-louadey.com\/?page_id=33"},"modified":"2026-03-05T13:57:16","modified_gmt":"2026-03-05T12:57:16","slug":"accueil","status":"publish","type":"page","link":"https:\/\/gites-morteau-louadey.com\/","title":{"rendered":"Accueil"},"content":{"rendered":"<div class=\"et_pb_section_0 et_pb_section et_section_regular et_block_section\">\n<div class=\"et_pb_row_0 et_pb_row et-vb-row--no-module et_pb_gutters3 et_block_row\">\n<div class=\"et_pb_column_0 et_pb_column et_pb_column_4_4 et-last-child et_block_column et_pb_column_empty et_pb_css_mix_blend_mode_passthrough\"><\/div>\n<\/div>\n<\/div>\n\n<div class=\"et_pb_section_1 et_pb_section et_section_regular et_flex_section\">\n<div class=\"et_pb_row_1 et_pb_row et_flex_row\">\n<div class=\"et_pb_column_1 et_pb_column et-last-child et_flex_column et_pb_css_mix_blend_mode_passthrough et_flex_column_24_24\">\n<div class=\"et_pb_text_0 et_pb_text et_pb_bg_layout_light et_pb_module et_block_module preset--module--divi-text--f6c52b6e-00f6-40bd-94c6-08dbf1cac1d8\"><div class=\"et_pb_text_inner\"><p><b>S\u00e9jour nature et convivialit\u00e9 au c\u0153ur du Haut-Doubs<\/b><\/p>\n<\/div><\/div>\n\n<div class=\"et_pb_text_1 et_pb_text et_pb_bg_layout_light et_pb_module et_flex_module\"><div class=\"et_pb_text_inner\"><p><span style=\"font-weight: 400;\"><a href=\"https:\/\/gites-morteau-louadey.com\/index.php\/2026\/02\/05\/bienvenue-aux-gites-de-louadey\/\" target=\"_blank\" rel=\"noopener\">Offrez-vous une parenth\u00e8se authentique dans le Haut-Doubs<\/a>.<\/span><span style=\"font-weight: 400;\"><br \/><\/span><span style=\"font-weight: 400;\">Situ\u00e9s \u00e0 <\/span><b>Montlebon<\/b><span style=\"font-weight: 400;\">, \u00e0 deux pas de <\/span><b>Morteau<\/b><span style=\"font-weight: 400;\">, les <\/span><b>G\u00eetes de Louadey<\/b><span style=\"font-weight: 400;\"><a href=\"https:\/\/gites-morteau-louadey.com\/index.php\/2026\/02\/05\/bienvenue-aux-gites-de-louadey\/\" target=\"_blank\" rel=\"noopener\"> vous accueillent<\/a> dans une ancienne scierie enti\u00e8rement r\u00e9nov\u00e9e. Ambiance bois, confort moderne et accueil chaleureux vous attendent pour un s\u00e9jour en famille ou entre amis, au c\u0153ur d\u2019une nature pr\u00e9serv\u00e9e.<\/span><\/p>\n<\/div><\/div>\n\n<div class=\"et_pb_module et_pb_button_module_wrapper et_pb_button_0_wrapper preset--module--divi-button--810ca8b9-6b8a-4589-a76c-870ac05b5411_wrapper\"><a class=\"et_pb_button_0 et_pb_button et_pb_bg_layout_light et_pb_module et_block_module preset--module--divi-button--810ca8b9-6b8a-4589-a76c-870ac05b5411\" href=\"https:\/\/www.gites-de-france.com\/fr\/bourgogne-franche-comte\/doubs\/le-louadey-25g685?data-ori=ADSWFNGFFR88PMAX&#038;gad_source=1&#038;gad_campaignid=23479886534&#038;gbraid=0AAAAADuqjgO5GZ9cBP2GKbUXWrVzJtAn7&#038;gclid=CjwKCAiAj8LLBhAkEiwAJjbY71ZKCOhw4TLQvjJLSFiAspHfltPOhPtp5ogkjGGT9U7YHZkof9T_RhoCYZoQAvD_BwE\" target=\"_blank\">R\u00e9server mon g\u00eete<\/a><\/div>\n<\/div>\n<\/div>\n<\/div>\n\n<div class=\"et_pb_section_2 et_pb_section et_section_regular et_block_section\">\n<div class=\"et_pb_row_2 et_pb_row et_pb_equal_columns et_pb_gutters3 et_block_row\">\n<div class=\"et_pb_column_2 et_pb_column et_pb_column_2_3 et_block_column et_pb_css_mix_blend_mode_passthrough\">\n<div class=\"et_pb_text_2 et_pb_text et_pb_bg_layout_light et_pb_module et_block_module preset--module--divi-text--e29372d1-d250-4ba9-9707-2edd106cbadf\"><div class=\"et_pb_text_inner\"><h2><b>Trois g\u00eetes authentiques pour un s\u00e9jour tout confort<\/b><\/h2>\n<\/div><\/div>\n\n<div class=\"et_pb_text_3 et_pb_text et_pb_bg_layout_light et_pb_module et_block_module preset--module--divi-text--f6c52b6e-00f6-40bd-94c6-08dbf1cac1d8\"><div class=\"et_pb_text_inner\"><p><b><span style=\"font-weight: 400;\"><a href=\"https:\/\/gites-morteau-louadey.com\/index.php\/nos-gites\/\">D\u00e9couvrez nos h\u00e9bergements<\/a> con\u00e7us pour se ressourcer.<\/span><\/b><\/p>\n<p><b>Ces<\/b> <b>g\u00eetes familiaux <\/b><span style=\"font-weight: 400;\">sont parfaits pour un <a href=\"https:\/\/gites-morteau-louadey.com\/index.php\/2026\/02\/10\/que-faire-autour-des-gites-de-louadey\/\" target=\"_blank\" rel=\"noopener\">s\u00e9jour cocooning au calme<\/a>.<\/span><span style=\"font-weight: 400;\"><br \/><\/span><span style=\"font-weight: 400;\">Tous nos logements sont labellis\u00e9s <\/span><a href=\"https:\/\/www.gites-de-france.com\/fr\/bourgogne-franche-comte\/doubs\/le-louadey-25g685?data-ori=ADSWFNGFFR88PMAX&amp;gad_source=1&amp;gad_campaignid=23479886534&amp;gbraid=0AAAAADuqjgO5GZ9cBP2GKbUXWrVzJtAn7&amp;gclid=CjwKCAiAj8LLBhAkEiwAJjbY71ZKCOhw4TLQvjJLSFiAspHfltPOhPtp5ogkjGGT9U7YHZkof9T_RhoCYZoQAvD_BwE\" target=\"_blank\" rel=\"noopener\"><b>G\u00eetes de France<\/b><\/a><span style=\"font-weight: 400;\"> et b\u00e9n\u00e9ficient du <\/span><a href=\"https:\/\/www.doubs.travel\/motards-bienvenue\/gite-le-louadey\" target=\"_blank\" rel=\"noopener\"><b>label Accueil Motards<\/b><\/a><span style=\"font-weight: 400;\"> pour des s\u00e9jours en toute s\u00e9r\u00e9nit\u00e9.<\/span><\/p>\n<\/div><\/div>\n<\/div>\n\n<div class=\"et_pb_column_3 et_pb_column et_pb_column_1_3 et-last-child et_block_column et_pb_css_mix_blend_mode_passthrough\">\n<div class=\"et_pb_module et_pb_button_module_wrapper et_pb_button_1_wrapper preset--module--divi-button--87912f21-0a15-4902-aef1-dc1922179b0e_wrapper\"><a class=\"et_pb_button_1 et_pb_button et_pb_bg_layout_light et_pb_module et_block_module preset--module--divi-button--87912f21-0a15-4902-aef1-dc1922179b0e\" href=\"https:\/\/gites-morteau-louadey.com\/index.php\/nos-gites\/\">D\u00e9couvrir nos g\u00eetes<\/a><\/div>\n<\/div>\n<\/div>\n\n<div class=\"et_pb_row_3 et_pb_row et_pb_gutters3 et_block_row\">\n<div class=\"et_pb_column_4 et_pb_column et_pb_column_1_3 et_block_column et_pb_css_mix_blend_mode_passthrough et_clickable\">\n<div class=\"et_pb_text_4 et_pb_text et_pb_bg_layout_light et_pb_module et_block_module preset--module--divi-text--021ef0c4-4913-4dfb-8f02-42f3ea8b213a\"><div class=\"et_pb_text_inner\"><h4>Le Galetas<\/h4>\n<\/div><\/div>\n<\/div>\n\n<div class=\"et_pb_column_5 et_pb_column et_pb_column_1_3 et_block_column et_pb_css_mix_blend_mode_passthrough et_clickable\">\n<div class=\"et_pb_text_5 et_pb_text et_pb_bg_layout_light et_pb_module et_block_module preset--module--divi-text--021ef0c4-4913-4dfb-8f02-42f3ea8b213a\"><div class=\"et_pb_text_inner\"><h4>C\u00f4t\u00e9 Cour<\/h4>\n<\/div><\/div>\n<\/div>\n\n<div class=\"et_pb_column_6 et_pb_column et_pb_column_1_3 et-last-child et_block_column et_pb_css_mix_blend_mode_passthrough et_clickable\">\n<div class=\"et_pb_text_6 et_pb_text et_pb_bg_layout_light et_pb_module et_block_module preset--module--divi-text--021ef0c4-4913-4dfb-8f02-42f3ea8b213a\"><div class=\"et_pb_text_inner\"><h4>C\u00f4t\u00e9 Jardin<\/h4>\n<\/div><\/div>\n<\/div>\n<\/div>\n<\/div>\n\n<div class=\"et_pb_section_3 et_pb_section et_section_regular et_block_section\">\n<div class=\"et_pb_row_4 et_pb_row et_pb_gutters3 et_block_row\">\n<div class=\"et_pb_column_7 et_pb_column et_pb_column_1_2 et_block_column et_pb_css_mix_blend_mode_passthrough\">\n<div class=\"et_pb_text_7 et_pb_text et_pb_bg_layout_light et_pb_module et_block_module preset--module--divi-text--d80d51f2-fde7-4a0d-a410-ff064ea8528a\"><div class=\"et_pb_text_inner\"><h4>Au coeur du Doubs<\/h4>\n<\/div><\/div>\n\n<div class=\"et_pb_text_8 et_pb_text et_pb_bg_layout_light et_pb_module et_block_module preset--module--divi-text--e29372d1-d250-4ba9-9707-2edd106cbadf\"><div class=\"et_pb_text_inner\"><h2><b>Entre montagnes, for\u00eats et traditions<\/b><\/h2>\n<\/div><\/div>\n\n<div class=\"et_pb_text_9 et_pb_text et_pb_bg_layout_light et_pb_module et_block_module preset--module--divi-text--f6c52b6e-00f6-40bd-94c6-08dbf1cac1d8\"><div class=\"et_pb_text_inner\"><p><span style=\"font-weight: 400;\">Randonn\u00e9es, lacs, cascades, pistes de ski, gastronomie locale et savoir-faire horloger&#8230;<\/span><\/p>\n<p><span style=\"font-weight: 400;\"><\/span><span style=\"font-weight: 400;\">Les G\u00eetes de Louadey sont le point de d\u00e9part id\u00e9al pour <a href=\"https:\/\/gites-morteau-louadey.com\/index.php\/2026\/02\/10\/que-faire-autour-des-gites-de-louadey\/\" target=\"_blank\" rel=\"noopener\">explorer les Montagnes du Jura<\/a> et le <\/span><a href=\"https:\/\/www.pays-horloger.com\/\"><b>Parc naturel r\u00e9gional du Doubs Horloger<\/b><\/a><span style=\"font-weight: 400;\">, territoire pr\u00e9serv\u00e9 o\u00f9 nature et artisanat se rencontrent.<\/span><span style=\"font-weight: 400;\"><br \/><\/span><span style=\"font-weight: 400;\"><a href=\"https:\/\/gites-morteau-louadey.com\/index.php\/2026\/02\/10\/le-jura-en-toutes-saisons-pourquoi-revenir-toute-lannee-aux-gites-de-louadey\/\" target=\"_blank\" rel=\"noopener\">\u00c0 chaque saison<\/a>, la nature offre un spectacle diff\u00e9rent : randonn\u00e9es en \u00e9t\u00e9, balades en raquettes ou ski de fond.<\/span><\/p>\n<\/div><\/div>\n\n<div class=\"et_pb_module et_pb_button_module_wrapper et_pb_button_2_wrapper preset--module--divi-button--76a7835a-9f47-44df-b58d-ae50d69e8a77_wrapper\"><a class=\"et_pb_button_2 et_pb_button et_pb_bg_layout_light et_pb_module et_block_module preset--module--divi-button--76a7835a-9f47-44df-b58d-ae50d69e8a77\" href=\"https:\/\/gites-morteau-louadey.com\/index.php\/activites-proches-de-louadey\/\">Voir les activit\u00e9s<\/a><\/div>\n<\/div>\n\n<div class=\"et_pb_column_8 et_pb_column et_pb_column_1_2 et-last-child et_block_column et_pb_css_mix_blend_mode_passthrough\">\n<div class=\"et_pb_image_0 et_pb_image et_pb_module et_block_module\"><span class=\"et_pb_image_wrap\"><img decoding=\"async\" src=\"https:\/\/gel.lood-agency.fr\/wp-content\/uploads\/2025\/11\/MontagneJura.png\" class=\"wp-image-37\" title=\"organic-farming-04\" \/><\/span><\/div>\n<\/div>\n<\/div>\n<\/div>\n\n<div class=\"et_pb_section_4 et_pb_section et_section_regular et_block_section\">\n<div class=\"et_pb_row_5 et_pb_row et_pb_gutters3 et_block_row\">\n<div class=\"et_pb_column_9 et_pb_column et_pb_column_4_4 et-last-child et_block_column et_pb_css_mix_blend_mode_passthrough\">\n<div class=\"et_pb_text_10 et_pb_text et_pb_bg_layout_light et_pb_module et_block_module preset--module--divi-text--d80d51f2-fde7-4a0d-a410-ff064ea8528a\"><div class=\"et_pb_text_inner\"><h4>Une exp\u00e9rience unique<\/h4>\n<\/div><\/div>\n\n<div class=\"et_pb_text_11 et_pb_text et_pb_bg_layout_light et_pb_module et_block_module preset--module--divi-text--e29372d1-d250-4ba9-9707-2edd106cbadf\"><div class=\"et_pb_text_inner\"><h2><b>Confort, authenticit\u00e9 et hospitalit\u00e9<\/b><\/h2>\n<\/div><\/div>\n<\/div>\n<\/div>\n\n<div class=\"et_pb_row_6 et_pb_row et_pb_gutters3 et_block_row\">\n<div class=\"et_pb_column_10 et_pb_column et_pb_column_4_4 et-last-child et_block_column et_pb_css_mix_blend_mode_passthrough\">\n<div class=\"et_pb_image_1 et_pb_image et_pb_module et_block_module\"><span class=\"et_pb_image_wrap\"><img decoding=\"async\" src=\"https:\/\/gites-morteau-louadey.com\/wp-content\/uploads\/2026\/01\/PaintedGites.png\" class=\"wp-image-41\" title=\"organic-farming-illustrations-01\" \/><\/span><\/div>\n<\/div>\n<\/div>\n\n<div class=\"et_pb_row_7 et_pb_row et_pb_gutters3 et_block_row\">\n<div class=\"et_pb_column_11 et_pb_column et_pb_column_1_2 et_block_column et_pb_css_mix_blend_mode_passthrough\">\n<div class=\"et_pb_text_12 et_pb_text et_pb_bg_layout_light et_pb_module et_block_module preset--module--divi-text--f6c52b6e-00f6-40bd-94c6-08dbf1cac1d8\"><div class=\"et_pb_text_inner\"><p><span style=\"font-weight: 400;\">Chacun de <a href=\"https:\/\/gites-morteau-louadey.com\/index.php\/nos-gites\/\">nos g\u00eetes<\/a> allie charme rustique et modernit\u00e9 :<\/span><span style=\"font-weight: 400;\"><br \/><\/span><span style=\"font-weight: 400;\">cuisine \u00e9quip\u00e9e, literie de qualit\u00e9, espace ext\u00e9rieur et parking priv\u00e9.<\/span><span style=\"font-weight: 400;\"><br \/><\/span><span style=\"font-weight: 400;\">Nous mettons un point d\u2019honneur \u00e0 offrir un <\/span><b>accueil personnalis\u00e9<\/b><span style=\"font-weight: 400;\"> et des conseils pour d\u00e9couvrir les p\u00e9pites locales du Doubs.<\/span><\/p>\n<\/div><\/div>\n\n<div class=\"et_pb_module et_pb_button_module_wrapper et_pb_button_3_wrapper preset--module--divi-button--810ca8b9-6b8a-4589-a76c-870ac05b5411_wrapper\"><a class=\"et_pb_button_3 et_pb_button et_pb_bg_layout_light et_pb_module et_block_module preset--module--divi-button--810ca8b9-6b8a-4589-a76c-870ac05b5411\" href=\"https:\/\/www.gites-de-france.com\/fr\/bourgogne-franche-comte\/doubs\/le-louadey-25g685?data-ori=ADSWFNGFFR88PMAX&#038;gad_source=1&#038;gad_campaignid=23479886534&#038;gbraid=0AAAAADuqjgO5GZ9cBP2GKbUXWrVzJtAn7&#038;gclid=CjwKCAiAj8LLBhAkEiwAJjbY71ZKCOhw4TLQvjJLSFiAspHfltPOhPtp5ogkjGGT9U7YHZkof9T_RhoCYZoQAvD_BwE\" target=\"_blank\">R\u00e9server mon g\u00eete<\/a><\/div>\n<\/div>\n\n<div class=\"et_pb_column_12 et_pb_column et_pb_column_1_2 et-last-child et_block_column et_pb_css_mix_blend_mode_passthrough\">\n<div class=\"et_pb_text_13 et_pb_text et_pb_bg_layout_light et_pb_module et_block_module preset--module--divi-text--e0782cd4-9288-4769-9a58-14f4a6af4ee9\"><div class=\"et_pb_text_inner\"><h5>\u00ab\u00a0Plus qu&rsquo;un g\u00eete, Louadey est une exp\u00e9rience unique et authentique \u00e0 d\u00e9couvrir en famille ou entre amis, en plein coeur du Doubs et de ses traditions.\u00a0\u00bb<\/h5>\n<\/div><\/div>\n<\/div>\n<\/div>\n<\/div>\n\n<div class=\"et_pb_section_5 et_pb_section et_section_regular et_block_section\">\n<div class=\"et_pb_row_8 et_pb_row et_pb_gutters3 et_block_row\">\n<div class=\"et_pb_column_13 et_pb_column et_pb_column_4_4 et-last-child et_block_column et_pb_css_mix_blend_mode_passthrough\">\n<div class=\"et_pb_text_14 et_pb_text et_pb_bg_layout_light et_pb_module et_block_module preset--module--divi-text--e29372d1-d250-4ba9-9707-2edd106cbadf\"><div class=\"et_pb_text_inner\"><h2>Ce qu&rsquo;en disent nos voyageurs<\/h2>\n<\/div><\/div>\n<\/div>\n<\/div>\n\n<div class=\"et_pb_row_9 et_pb_row et_flex_row\">\n<div class=\"et_pb_column_14 et_pb_column et-last-child et_flex_column et_pb_css_mix_blend_mode_passthrough et_flex_column_24_24\">\n<div class=\"et_pb_text_15 et_pb_text et_pb_bg_layout_light et_pb_module et_flex_module\"><div class=\"et_pb_text_inner\"><\/div><\/div>\n<\/div>\n<\/div>\n\n<div class=\"et_pb_row_10 et_pb_row et_flex_row\">\n<div class=\"et_pb_column_15 et_pb_column et_flex_column et_pb_css_mix_blend_mode_passthrough et_flex_column_12_24 et_flex_column_24_24_phone\">\n<div class=\"et_pb_image_2 et_pb_image et_pb_module et_flex_module\"><a href=\"https:\/\/www.gites-de-france.com\/fr\/bourgogne-franche-comte\/doubs\/le-louadey-25g685?data-ori=ADSWFNGFFR88PMAX&#038;gad_source=1&#038;gad_campaignid=23479886534&#038;gbraid=0AAAAADuqjgO5GZ9cBP2GKbUXWrVzJtAn7&#038;gclid=CjwKCAiAj8LLBhAkEiwAJjbY71ZKCOhw4TLQvjJLSFiAspHfltPOhPtp5ogkjGGT9U7YHZkof9T_RhoCYZoQAvD_BwE\" target=\"_blank\"><span class=\"et_pb_image_wrap\"><img decoding=\"async\" src=\"https:\/\/gites-morteau-louadey.com\/wp-content\/uploads\/2026\/01\/LABEL-Gites_de_France.png\" class=\"wp-image-27\" \/><\/span><\/a><\/div>\n<\/div>\n\n<div class=\"et_pb_column_16 et_pb_column et-last-child et_flex_column et_pb_css_mix_blend_mode_passthrough et_flex_column_12_24 et_flex_column_24_24_phone\">\n<div class=\"et_pb_image_3 et_pb_image et_pb_module et_flex_module\"><a href=\"https:\/\/www.doubs.travel\/motards-bienvenue\/gite-le-louadey\" target=\"_blank\"><span class=\"et_pb_image_wrap\"><img decoding=\"async\" src=\"https:\/\/gites-morteau-louadey.com\/wp-content\/uploads\/2026\/01\/LABEL-Doubs-tourisme-motard.png\" class=\"wp-image-28\" \/><\/span><\/a><\/div>\n<\/div>\n<\/div>\n\n<div class=\"et_pb_row_11 et_pb_row et_flex_row\">\n<div class=\"et_pb_column_17 et_pb_column et-last-child et_flex_column et_pb_css_mix_blend_mode_passthrough et_flex_column_24_24\">\n<div class=\"et_pb_text_16 et_pb_text et_pb_bg_layout_light et_pb_module et_flex_module\"><div class=\"et_pb_text_inner\"><p><span style=\"font-weight: 400;\">Ces labels garantissent confort, qualit\u00e9 et accueil attentionn\u00e9 tout au long de votre s\u00e9jour.<\/span><\/p>\n<\/div><\/div>\n<\/div>\n<\/div>\n<\/div>\n\n<div class=\"et_pb_section_6 et_pb_section et_section_regular et_block_section\">\n<div class=\"et_pb_row_12 et_pb_row et_pb_gutters3 et_block_row\">\n<div class=\"et_pb_column_18 et_pb_column et_pb_column_1_2 et_block_column et_pb_css_mix_blend_mode_passthrough\">\n<div class=\"et_pb_text_17 et_pb_text et_pb_bg_layout_light et_pb_module et_block_module preset--module--divi-text--e29372d1-d250-4ba9-9707-2edd106cbadf\"><div class=\"et_pb_text_inner\"><h2>3 g\u00eetes, une exp\u00e9rience authentique<\/h2>\n<\/div><\/div>\n\n<div class=\"et_pb_text_18 et_pb_text et_pb_bg_layout_light et_pb_module et_block_module preset--module--divi-text--f6c52b6e-00f6-40bd-94c6-08dbf1cac1d8\"><div class=\"et_pb_text_inner\"><p><a href=\"https:\/\/gites-morteau-louadey.com\/index.php\/nos-gites\/\">Nos g\u00eetes de groupe<\/a> dans le Doubs sont de v\u00e9ritables exp\u00e9riences au coeur du Jura. Pens\u00e9s pour \u00eatre des lieux de s\u00e9jour en plein milieu de la nature du Haut-Doubs, vous y d\u00e9couvrirez un h\u00e9bergement en montagne pens\u00e9 pour les voyageurs, mais aussi un g\u00eete motard destin\u00e9 \u00e0 vous offrir un espace de repos et de tranquillit\u00e9 au milieu d&rsquo;une v\u00e9g\u00e9tation luxuriante. Louadey n&rsquo;attend plus que vous !<\/p>\n<\/div><\/div>\n\n<div class=\"et_pb_module et_pb_button_module_wrapper et_pb_button_4_wrapper preset--module--divi-button--76a7835a-9f47-44df-b58d-ae50d69e8a77_wrapper\"><a class=\"et_pb_button_4 et_pb_button et_pb_bg_layout_light et_pb_module et_block_module preset--module--divi-button--76a7835a-9f47-44df-b58d-ae50d69e8a77\" href=\"https:\/\/gites-morteau-louadey.com\/index.php\/activites-proches-de-louadey\/\">Explorer<\/a><\/div>\n<\/div>\n\n<div class=\"et_pb_column_19 et_pb_column et_pb_column_1_2 et-last-child et_block_column et_pb_css_mix_blend_mode_passthrough\">\n<div class=\"et_pb_image_4 et_pb_image et_pb_module et_block_module\"><span class=\"et_pb_image_wrap\"><img decoding=\"async\" src=\"https:\/\/gites-morteau-louadey.com\/wp-content\/uploads\/2026\/01\/La-foret-des-Gites.png\" class=\"wp-image-190\" title=\"organic-farming-03\" \/><\/span><\/div>\n<\/div>\n<\/div>\n<\/div>","protected":false},"excerpt":{"rendered":"","protected":false},"author":1,"featured_media":0,"parent":0,"menu_order":0,"comment_status":"closed","ping_status":"closed","template":"","meta":{"footnotes":""},"class_list":["post-33","page","type-page","status-publish","hentry"],"_links":{"self":[{"href":"https:\/\/gites-morteau-louadey.com\/index.php\/wp-json\/wp\/v2\/pages\/33","targetHints":{"allow":["GET"]}}],"collection":[{"href":"https:\/\/gites-morteau-louadey.com\/index.php\/wp-json\/wp\/v2\/pages"}],"about":[{"href":"https:\/\/gites-morteau-louadey.com\/index.php\/wp-json\/wp\/v2\/types\/page"}],"author":[{"embeddable":true,"href":"https:\/\/gites-morteau-louadey.com\/index.php\/wp-json\/wp\/v2\/users\/1"}],"replies":[{"embeddable":true,"href":"https:\/\/gites-morteau-louadey.com\/index.php\/wp-json\/wp\/v2\/comments?post=33"}],"version-history":[{"count":9,"href":"https:\/\/gites-morteau-louadey.com\/index.php\/wp-json\/wp\/v2\/pages\/33\/revisions"}],"predecessor-version":[{"id":279,"href":"https:\/\/gites-morteau-louadey.com\/index.php\/wp-json\/wp\/v2\/pages\/33\/revisions\/279"}],"wp:attachment":[{"href":"https:\/\/gites-morteau-louadey.com\/index.php\/wp-json\/wp\/v2\/media?parent=33"}],"curies":[{"name":"wp","href":"https:\/\/api.w.org\/{rel}","templated":true}]}}