{"id":36,"date":"2026-01-21T12:41:11","date_gmt":"2026-01-21T11:41:11","guid":{"rendered":"https:\/\/gites-morteau-louadey.com\/?page_id=36"},"modified":"2026-02-14T14:52:35","modified_gmt":"2026-02-14T13:52:35","slug":"a-propos","status":"publish","type":"page","link":"https:\/\/gites-morteau-louadey.com\/index.php\/a-propos\/","title":{"rendered":"\u00c0 propos"},"content":{"rendered":"<div class=\"et_pb_section_0 et_pb_section et_section_regular et_block_section\">\n<div class=\"et_pb_row_0 et_pb_row et_pb_gutters3 et_block_row\">\n<div class=\"et_pb_column_0 et_pb_column et_pb_column_4_4 et-last-child et_block_column et_pb_css_mix_blend_mode_passthrough\">\n<div class=\"et_pb_text_0 et_pb_text et_pb_bg_layout_light et_pb_module et_block_module preset--module--divi-text--d80d51f2-fde7-4a0d-a410-ff064ea8528a\"><div class=\"et_pb_text_inner\"><h4>\u00c0 propos<\/h4>\n<\/div><\/div>\n\n<div class=\"et_pb_text_1 et_pb_text et_pb_bg_layout_light et_pb_module et_block_module preset--module--divi-text--854eade0-ccd6-41ff-9530-071eaca79377\"><div class=\"et_pb_text_inner\"><h1>Une maison de caract\u00e8re au coeur du Haut-Doubs<\/h1>\n<\/div><\/div>\n<\/div>\n<\/div>\n<\/div>\n\n<div class=\"et_pb_section_1 et_pb_section et_section_regular et_block_section\">\n<div class=\"et_pb_row_1 et_pb_row et_pb_gutters3 et_block_row\">\n<div class=\"et_pb_column_1 et_pb_column et_pb_column_3_5 et_block_column et_pb_css_mix_blend_mode_passthrough\">\n<div class=\"et_pb_text_2 et_pb_text et_pb_bg_layout_light et_pb_module et_block_module preset--module--divi-text--d80d51f2-fde7-4a0d-a410-ff064ea8528a\"><div class=\"et_pb_text_inner\"><h4>L&rsquo;esprit des g\u00eetes<\/h4>\n<\/div><\/div>\n\n<div class=\"et_pb_text_3 et_pb_text et_pb_bg_layout_light et_pb_module et_block_module preset--module--divi-text--e29372d1-d250-4ba9-9707-2edd106cbadf\"><div class=\"et_pb_text_inner\"><h2>Les G\u00eetes de Louadey, dans l&rsquo;\u00e2me du Jura<\/h2>\n<\/div><\/div>\n\n<div class=\"et_pb_text_4 et_pb_text et_pb_bg_layout_light et_pb_module et_block_module preset--module--divi-text--f6c52b6e-00f6-40bd-94c6-08dbf1cac1d8\"><div class=\"et_pb_text_inner\"><p><span style=\"font-weight: 400;\">Nich\u00e9 <\/span><b>en lisi\u00e8re de for\u00eat<\/b><span style=\"font-weight: 400;\">, au c\u0153ur des <\/span><b>Montagnes du Jura<\/b><span style=\"font-weight: 400;\">, Louadey est avant tout une <\/span><b>maison de famille<\/b><span style=\"font-weight: 400;\"> pleine d\u2019histoire. Elle a \u00e9t\u00e9 enti\u00e8rement r\u00e9nov\u00e9e pour offrir trois g\u00eetes confortables o\u00f9 se m\u00ealent <\/span><b>authenticit\u00e9, convivialit\u00e9 et bien-\u00eatre<\/b><span style=\"font-weight: 400;\">.<\/span><span style=\"font-weight: 400;\"><br \/><\/span><span style=\"font-weight: 400;\">Bois, pierre et lumi\u00e8re naturelle composent une atmosph\u00e8re chaleureuse qui invite \u00e0 la d\u00e9tente et au partage.<\/span><\/p>\n<p><span style=\"font-weight: 400;\">Ici, tout est pens\u00e9 pour que vous vous sentiez \u201ccomme \u00e0 la maison\u201d, avec en plus le calme, la nature et l\u2019air pur du Haut-Doubs.<\/span><\/p>\n<\/div><\/div>\n\n<div class=\"et_pb_module et_pb_button_module_wrapper et_pb_button_0_wrapper preset--module--divi-button--d87b6a35-c5e8-4a9e-99c7-50b249351fbc_wrapper\"><a class=\"et_pb_button_0 et_pb_button et_pb_bg_layout_light et_pb_module et_block_module preset--module--divi-button--d87b6a35-c5e8-4a9e-99c7-50b249351fbc\" href=\"https:\/\/gites-morteau-louadey.com\/index.php\/nos-gites\/\">Explorer<\/a><\/div>\n<\/div>\n\n<div class=\"et_pb_column_2 et_pb_column et_pb_column_2_5 et-last-child et_block_column et_pb_css_mix_blend_mode_passthrough\">\n<div class=\"et_pb_image_0 et_pb_image et_pb_module et_block_module\"><span class=\"et_pb_image_wrap\"><img decoding=\"async\" src=\"https:\/\/gites-morteau-louadey.com\/wp-content\/uploads\/2026\/01\/Coucher-de-soleil-Gites.png\" class=\"wp-image-201\" title=\"organic-farming-11\" \/><\/span><\/div>\n<\/div>\n<\/div>\n<\/div>\n\n<div class=\"et_pb_section_2 et_pb_section et_section_regular et_block_section\">\n<div class=\"et_pb_row_2 et_pb_row et_pb_equal_columns et_pb_gutters3 et_block_row\">\n<div class=\"et_pb_column_3 et_pb_column et_pb_column_2_3 et_block_column et_pb_css_mix_blend_mode_passthrough\">\n<div class=\"et_pb_text_5 et_pb_text et_pb_bg_layout_light et_pb_module et_block_module preset--module--divi-text--e29372d1-d250-4ba9-9707-2edd106cbadf\"><div class=\"et_pb_text_inner\"><h2><b>Une localisation id\u00e9ale<\/b><\/h2>\n<\/div><\/div>\n\n<div class=\"et_pb_text_6 et_pb_text et_pb_bg_layout_light et_pb_module et_block_module preset--module--divi-text--f6c52b6e-00f6-40bd-94c6-08dbf1cac1d8\"><div class=\"et_pb_text_inner\"><p><span style=\"font-weight: 400;\">Situ\u00e9s \u00e0 Derri\u00e8re-le-Mont (commune de <\/span><b>Montlebon)<\/b><span style=\"font-weight: 400;\">, \u00e0 seulement quelques minutes de <\/span><b>Morteau<\/b><span style=\"font-weight: 400;\">, les G\u00eetes de Louadey offrent un <\/span><b>point de d\u00e9part privil\u00e9gi\u00e9<\/b><span style=\"font-weight: 400;\"> pour d\u00e9couvrir la r\u00e9gion : <\/span><span style=\"font-weight: 400;\"><\/span><span style=\"font-weight: 400;\"><\/span><span style=\"font-weight: 400;\">le Saut du Doubs, le mus\u00e9e de l\u2019Horlogerie, les for\u00eats du Jura, les pistes de ski ou encore les chemins de randonn\u00e9e\u2026<\/span><\/p>\n<\/div><\/div>\n<\/div>\n\n<div class=\"et_pb_column_4 et_pb_column et_pb_column_1_3 et-last-child et_block_column et_pb_css_mix_blend_mode_passthrough\">\n<div class=\"et_pb_module et_pb_button_module_wrapper et_pb_button_1_wrapper preset--module--divi-button--87912f21-0a15-4902-aef1-dc1922179b0e_wrapper\"><a class=\"et_pb_button_1 et_pb_button et_pb_bg_layout_light et_pb_module et_block_module preset--module--divi-button--87912f21-0a15-4902-aef1-dc1922179b0e\" href=\"https:\/\/gites-morteau-louadey.com\/index.php\/activites-proches-de-louadey\/\">Voir les activit\u00e9s<\/a><\/div>\n<\/div>\n<\/div>\n\n<div class=\"et_pb_row_3 et_pb_row et_flex_row\">\n<div class=\"et_pb_column_5 et_pb_column et-last-child et_flex_column et_pb_css_mix_blend_mode_passthrough et_flex_column_24_24 et_flex_column_24_24_tablet et_flex_column_24_24_phone\">\n<div class=\"et_pb_image_1 et_pb_image et_pb_module et_flex_module\"><span class=\"et_pb_image_wrap\"><img decoding=\"async\" src=\"https:\/\/gites-morteau-louadey.com\/wp-content\/uploads\/2026\/01\/LouadeyGiteVue.png\" class=\"wp-image-70\" \/><\/span><\/div>\n<\/div>\n<\/div>\n<\/div>\n\n<div class=\"et_pb_section_3 et_pb_section et_section_regular et_flex_section\">\n<div class=\"et_pb_row_4 et_pb_row et_flex_row\">\n<div class=\"et_pb_column_6 et_pb_column et-last-child et_flex_column et_pb_css_mix_blend_mode_passthrough et_flex_column_24_24\">\n<div class=\"et_pb_text_7 et_pb_text et_pb_bg_layout_light et_pb_module et_block_module preset--module--divi-text--d80d51f2-fde7-4a0d-a410-ff064ea8528a\"><div class=\"et_pb_text_inner\"><h4>Nos valeurs<\/h4>\n<\/div><\/div>\n\n<div class=\"et_pb_text_8 et_pb_text et_pb_bg_layout_light et_pb_module et_block_module preset--module--divi-text--e29372d1-d250-4ba9-9707-2edd106cbadf\"><div class=\"et_pb_text_inner\"><h2><b>Bien plus qu&rsquo;un simple s\u00e9jour<\/b><\/h2>\n<\/div><\/div>\n<\/div>\n<\/div>\n\n<div class=\"et_pb_row_5 et_pb_row et_pb_equal_columns et_pb_gutters1 et_block_row\">\n<div class=\"et_pb_column_7 et_pb_column et_pb_column_1_3 et_block_column et_pb_css_mix_blend_mode_passthrough\">\n<div class=\"et_pb_text_9 et_pb_text et_pb_bg_layout_light et_pb_module et_block_module preset--module--divi-text--021ef0c4-4913-4dfb-8f02-42f3ea8b213a\"><div class=\"et_pb_text_inner\"><h4>H\u00e9bergements confortables et \u00e9quip\u00e9s<\/h4>\n<\/div><\/div>\n<\/div>\n\n<div class=\"et_pb_column_8 et_pb_column et_pb_column_1_3 et_block_column et_pb_css_mix_blend_mode_passthrough\">\n<div class=\"et_pb_text_10 et_pb_text et_pb_bg_layout_light et_pb_module et_block_module preset--module--divi-text--021ef0c4-4913-4dfb-8f02-42f3ea8b213a\"><div class=\"et_pb_text_inner\"><h4>Accueil familial et attentionn\u00e9<\/h4>\n<\/div><\/div>\n<\/div>\n\n<div class=\"et_pb_column_9 et_pb_column et_pb_column_1_3 et_block_column et_pb_css_mix_blend_mode_passthrough\">\n<div class=\"et_pb_text_11 et_pb_text et_pb_bg_layout_light et_pb_module et_block_module preset--module--divi-text--021ef0c4-4913-4dfb-8f02-42f3ea8b213a\"><div class=\"et_pb_text_inner\"><h4>G\u00eetes respectueux de la nature et du patrimoine local<\/h4>\n<\/div><\/div>\n<\/div>\n\n<div class=\"et_pb_column_10 et_pb_column et_pb_column_1_3 et-last-child et_block_column et_pb_css_mix_blend_mode_passthrough\">\n<div class=\"et_pb_text_12 et_pb_text et_pb_bg_layout_light et_pb_module et_block_module preset--module--divi-text--021ef0c4-4913-4dfb-8f02-42f3ea8b213a\"><div class=\"et_pb_text_inner\"><h4>Exp\u00e9rience authentique au coeur du Jura<\/h4>\n<\/div><\/div>\n<\/div>\n<\/div>\n\n<div class=\"et_pb_row_6 et_pb_row et_flex_row\">\n<div class=\"et_pb_column_11 et_pb_column et_flex_column et_pb_css_mix_blend_mode_passthrough et_flex_column_3_5 et_flex_column_3_5_tablet et_flex_column_24_24_phone\">\n<div class=\"et_pb_text_13 et_pb_text et_pb_bg_layout_light et_pb_module et_block_module preset--module--divi-text--d80d51f2-fde7-4a0d-a410-ff064ea8528a\"><div class=\"et_pb_text_inner\"><h4>Vos h\u00f4tes<\/h4>\n<\/div><\/div>\n\n<div class=\"et_pb_text_14 et_pb_text et_pb_bg_layout_light et_pb_module et_block_module preset--module--divi-text--e29372d1-d250-4ba9-9707-2edd106cbadf\"><div class=\"et_pb_text_inner\"><h2>Marie-H\u00e9l\u00e8ne et Lo\u00efc vous accueillent<\/h2>\n<\/div><\/div>\n\n<div class=\"et_pb_text_15 et_pb_text et_pb_bg_layout_light et_pb_module et_block_module preset--module--divi-text--f6c52b6e-00f6-40bd-94c6-08dbf1cac1d8\"><div class=\"et_pb_text_inner\"><p><span style=\"font-weight: 400;\">Originaires de la r\u00e9gion, ils connaissent chaque recoin du Haut-Doubs et se feront un plaisir de vous conseiller sur les randonn\u00e9es, les restaurants ou les visites \u00e0 ne pas manquer.<\/span><span style=\"font-weight: 400;\"><br \/><\/span><span style=\"font-weight: 400;\">Leur souhait : partager la beaut\u00e9 et la g\u00e9n\u00e9rosit\u00e9 de leur territoire, et faire des G\u00eetes de Louadey un lieu de <\/span><b>rencontres et de souvenirs<\/b><span style=\"font-weight: 400;\">.<\/span><\/p>\n<\/div><\/div>\n<\/div>\n\n<div class=\"et_pb_column_12 et_pb_column et-last-child et_flex_column et_pb_css_mix_blend_mode_passthrough et_flex_column_2_5 et_flex_column_2_5_tablet et_flex_column_24_24_phone\">\n<div class=\"et_pb_group_0 et_pb_group et-last-child et_pb_module et_grid_group et_pb_css_mix_blend_mode_passthrough\">\n<div class=\"et_pb_blurb_0 et_pb_blurb et_pb_bg_layout_light et_pb_text_align_left et_pb_blurb_position_top et_clickable et_pb_module et_flex_module\"><div class=\"et_pb_blurb_content et_flex_module\"><div class=\"et_pb_main_blurb_image\"><span class=\"et_pb_image_wrap et_pb_only_image_mode_wrap\"><img decoding=\"async\" src=\"https:\/\/gites-morteau-louadey.com\/wp-content\/uploads\/2026\/01\/LABEL-Gites_de_France.png\" class=\"et-waypoint et_pb_animation_top et_pb_animation_top_tablet et_pb_animation_top_phone wp-image-27\" \/><\/span><\/div><div class=\"et_pb_blurb_container\"><h4 class=\"et_pb_module_header\">G\u00eetes de France<\/h4><div class=\"et_pb_blurb_description\"><p>Gage de confort, qualit\u00e9 et hospitalit\u00e9.<\/p>\n<\/div><\/div><\/div><\/div>\n\n<div class=\"et_pb_blurb_1 et_pb_blurb et_pb_bg_layout_light et_pb_text_align_left et_pb_blurb_position_top et_clickable et_pb_module et_flex_module\"><div class=\"et_pb_blurb_content et_flex_module\"><div class=\"et_pb_main_blurb_image\"><span class=\"et_pb_image_wrap et_pb_only_image_mode_wrap\"><img decoding=\"async\" src=\"https:\/\/gites-morteau-louadey.com\/wp-content\/uploads\/2026\/01\/LABEL-Doubs-tourisme-motard.png\" class=\"et-waypoint et_pb_animation_top et_pb_animation_top_tablet et_pb_animation_top_phone wp-image-28\" \/><\/span><\/div><div class=\"et_pb_blurb_container\"><h4 class=\"et_pb_module_header\">Accueil motards<\/h4><div class=\"et_pb_blurb_description\"><p>H\u00e9bergement \u00e9quip\u00e9 et s\u00e9curis\u00e9 pour les voyageurs \u00e0 deux roues.<\/p>\n<\/div><\/div><\/div><\/div>\n<\/div>\n<\/div>\n<\/div>\n<\/div>","protected":false},"excerpt":{"rendered":"","protected":false},"author":1,"featured_media":0,"parent":0,"menu_order":0,"comment_status":"closed","ping_status":"closed","template":"","meta":{"footnotes":""},"class_list":["post-36","page","type-page","status-publish","hentry"],"_links":{"self":[{"href":"https:\/\/gites-morteau-louadey.com\/index.php\/wp-json\/wp\/v2\/pages\/36","targetHints":{"allow":["GET"]}}],"collection":[{"href":"https:\/\/gites-morteau-louadey.com\/index.php\/wp-json\/wp\/v2\/pages"}],"about":[{"href":"https:\/\/gites-morteau-louadey.com\/index.php\/wp-json\/wp\/v2\/types\/page"}],"author":[{"embeddable":true,"href":"https:\/\/gites-morteau-louadey.com\/index.php\/wp-json\/wp\/v2\/users\/1"}],"replies":[{"embeddable":true,"href":"https:\/\/gites-morteau-louadey.com\/index.php\/wp-json\/wp\/v2\/comments?post=36"}],"version-history":[{"count":6,"href":"https:\/\/gites-morteau-louadey.com\/index.php\/wp-json\/wp\/v2\/pages\/36\/revisions"}],"predecessor-version":[{"id":267,"href":"https:\/\/gites-morteau-louadey.com\/index.php\/wp-json\/wp\/v2\/pages\/36\/revisions\/267"}],"wp:attachment":[{"href":"https:\/\/gites-morteau-louadey.com\/index.php\/wp-json\/wp\/v2\/media?parent=36"}],"curies":[{"name":"wp","href":"https:\/\/api.w.org\/{rel}","templated":true}]}}