{"id":38,"date":"2026-01-21T12:40:14","date_gmt":"2026-01-21T11:40:14","guid":{"rendered":"https:\/\/gites-morteau-louadey.com\/?page_id=38"},"modified":"2026-02-16T21:25:50","modified_gmt":"2026-02-16T20:25:50","slug":"activites-proches-de-louadey","status":"publish","type":"page","link":"https:\/\/gites-morteau-louadey.com\/index.php\/activites-proches-de-louadey\/","title":{"rendered":"Activit\u00e9s proches de Louadey"},"content":{"rendered":"<div class=\"et_pb_section_0 et_pb_section et_section_regular et_block_section\">\n<div class=\"et_pb_row_0 et_pb_row et_pb_gutters3 et_block_row\">\n<div class=\"et_pb_column_0 et_pb_column et_pb_column_4_4 et-last-child et_block_column et_pb_css_mix_blend_mode_passthrough\">\n<div class=\"et_pb_text_0 et_pb_text et_pb_bg_layout_light et_pb_module et_block_module preset--module--divi-text--d80d51f2-fde7-4a0d-a410-ff064ea8528a\"><div class=\"et_pb_text_inner\"><h4>Activit\u00e9s<\/h4>\n<\/div><\/div>\n\n<div class=\"et_pb_text_1 et_pb_text et_pb_bg_layout_light et_pb_module et_block_module preset--module--divi-text--854eade0-ccd6-41ff-9530-071eaca79377\"><div class=\"et_pb_text_inner\"><h1>Que faire autour des G\u00eetes ?<\/h1>\n<\/div><\/div>\n\n<div class=\"et_pb_text_2 et_pb_text et_pb_bg_layout_light et_pb_module et_block_module preset--module--divi-text--f6c52b6e-00f6-40bd-94c6-08dbf1cac1d8\"><div class=\"et_pb_text_inner\"><p><span style=\"font-weight: 400;\">Depuis les G\u00eetes de Louadey, situ\u00e9s \u00e0 <\/span><b>Montlebon<\/b><span style=\"font-weight: 400;\">, en lisi\u00e8re de for\u00eat et <\/span><b>\u00e0 quelques kilom\u00e8tres seulement de la fronti\u00e8re suisse<\/b><span style=\"font-weight: 400;\">, vous acc\u00e9dez directement \u00e0 une nature g\u00e9n\u00e9reuse et pr\u00e9serv\u00e9e.<\/span><span style=\"font-weight: 400;\"><br \/><\/span><span style=\"font-weight: 400;\">Randonn\u00e9es, balades \u00e0 v\u00e9lo, d\u00e9couvertes gastronomiques ou visites culturelles : le <\/span><b>Haut-Doubs<\/b><span style=\"font-weight: 400;\"> et les <\/span><b>Montagnes du Jura<\/b><span style=\"font-weight: 400;\"> regorgent d\u2019activit\u00e9s pour tous les go\u00fbts et toutes les saisons.<\/span><\/p>\n<p><span style=\"font-weight: 400;\">Ici, on respire l\u2019air pur des montagnes, on savoure le calme et on prend le temps de vivre &#8211; entre <\/span><b>France et Suisse<\/b><span style=\"font-weight: 400;\">.<\/span><\/p>\n<\/div><\/div>\n\n<div class=\"et_pb_module et_pb_button_module_wrapper et_pb_button_0_wrapper preset--module--divi-button--cfb15c94-188b-4b96-98ac-2bc4dda6b361_wrapper\"><a class=\"et_pb_button_0 et_pb_button et_pb_bg_layout_light et_pb_module et_block_module preset--module--divi-button--cfb15c94-188b-4b96-98ac-2bc4dda6b361\" href=\"https:\/\/www.gites-de-france.com\/fr\/bourgogne-franche-comte\/doubs\/le-louadey-25g685?data-ori=ADSWFNGFFR88PMAX&#038;gad_source=1&#038;gad_campaignid=23479886534&#038;gbraid=0AAAAADuqjgO5GZ9cBP2GKbUXWrVzJtAn7&#038;gclid=CjwKCAiAj8LLBhAkEiwAJjbY71ZKCOhw4TLQvjJLSFiAspHfltPOhPtp5ogkjGGT9U7YHZkof9T_RhoCYZoQAvD_BwE\" target=\"_blank\">R\u00e9servation<\/a><\/div>\n<\/div>\n<\/div>\n<\/div>\n\n<div class=\"et_pb_section_1 et_pb_section et_section_regular et_block_section\">\n<div class=\"et_pb_row_1 et_pb_row et_flex_row\">\n<div class=\"et_pb_column_1 et_pb_column et_flex_column et_pb_css_mix_blend_mode_passthrough et_flex_column_6_24 et_flex_column_12_24_tablet et_flex_column_24_24_phone\">\n<div class=\"et_pb_image_0 et_pb_image et_pb_module et_block_module\"><span class=\"et_pb_image_wrap\"><img decoding=\"async\" src=\"https:\/\/gites-morteau-louadey.com\/wp-content\/uploads\/2026\/01\/PICTO-printemps.png\" class=\"wp-image-151\" title=\"organic-farming-icon-01-1\" \/><\/span><\/div>\n\n<div class=\"et_pb_text_3 et_pb_text et_pb_bg_layout_light et_clickable et_pb_module et_block_module preset--module--divi-text--e0782cd4-9288-4769-9a58-14f4a6af4ee9\"><div class=\"et_pb_text_inner\"><h5>Printemps<\/h5>\n<\/div><\/div>\n\n<div class=\"et_pb_text_4 et_pb_text et_pb_bg_layout_light et_pb_module et_block_module preset--module--divi-text--f99baddf-022d-450d-b69d-287668b7e9b5\"><div class=\"et_pb_text_inner\"><p>F<span style=\"font-weight: 400;\">loraisons, randonn\u00e9es et march\u00e9s.<\/span><\/p>\n<\/div><\/div>\n<\/div>\n\n<div class=\"et_pb_column_2 et_pb_column et_flex_column et_pb_css_mix_blend_mode_passthrough et_flex_column_6_24 et_flex_column_12_24_tablet et_flex_column_24_24_phone\">\n<div class=\"et_pb_image_1 et_pb_image et_pb_module et_block_module\"><span class=\"et_pb_image_wrap\"><img decoding=\"async\" src=\"https:\/\/gites-morteau-louadey.com\/wp-content\/uploads\/2026\/01\/PICTO-ete.png\" class=\"wp-image-149\" title=\"organic-farming-icon-02-1\" \/><\/span><\/div>\n\n<div class=\"et_pb_text_5 et_pb_text et_pb_bg_layout_light et_clickable et_pb_module et_block_module preset--module--divi-text--e0782cd4-9288-4769-9a58-14f4a6af4ee9\"><div class=\"et_pb_text_inner\"><h5>\u00c9t\u00e9<\/h5>\n<\/div><\/div>\n\n<div class=\"et_pb_text_6 et_pb_text et_pb_bg_layout_light et_pb_module et_block_module preset--module--divi-text--f99baddf-022d-450d-b69d-287668b7e9b5\"><div class=\"et_pb_text_inner\"><p>B<span style=\"font-weight: 400;\">aignades, balades en for\u00eat et pique-nique.<\/span><\/p>\n<\/div><\/div>\n<\/div>\n\n<div class=\"et_pb_column_3 et_pb_column et_flex_column et_pb_css_mix_blend_mode_passthrough et_flex_column_6_24 et_flex_column_12_24_tablet et_flex_column_24_24_phone\">\n<div class=\"et_pb_image_2 et_pb_image et_pb_module et_block_module\"><span class=\"et_pb_image_wrap\"><img decoding=\"async\" src=\"https:\/\/gites-morteau-louadey.com\/wp-content\/uploads\/2026\/01\/PICTO-automne.png\" class=\"wp-image-148\" title=\"organic-farming-icon-03-1\" \/><\/span><\/div>\n\n<div class=\"et_pb_text_7 et_pb_text et_pb_bg_layout_light et_clickable et_pb_module et_block_module preset--module--divi-text--e0782cd4-9288-4769-9a58-14f4a6af4ee9\"><div class=\"et_pb_text_inner\"><h5>Automne<\/h5>\n<\/div><\/div>\n\n<div class=\"et_pb_text_8 et_pb_text et_pb_bg_layout_light et_pb_module et_block_module preset--module--divi-text--f99baddf-022d-450d-b69d-287668b7e9b5\"><div class=\"et_pb_text_inner\"><p>C<span style=\"font-weight: 400;\">ouleurs flamboyantes et cueillette de champignons.<\/span><\/p>\n<\/div><\/div>\n<\/div>\n\n<div class=\"et_pb_column_4 et_pb_column et-last-child et_flex_column et_pb_css_mix_blend_mode_passthrough et_flex_column_6_24 et_flex_column_12_24_tablet et_flex_column_24_24_phone\">\n<div class=\"et_pb_image_3 et_pb_image et_pb_module et_block_module\"><span class=\"et_pb_image_wrap\"><img decoding=\"async\" src=\"https:\/\/gites-morteau-louadey.com\/wp-content\/uploads\/2026\/01\/PICTO-hiver.png\" class=\"wp-image-150\" title=\"organic-farming-icon-03-1\" \/><\/span><\/div>\n\n<div class=\"et_pb_text_9 et_pb_text et_pb_bg_layout_light et_clickable et_pb_module et_block_module preset--module--divi-text--e0782cd4-9288-4769-9a58-14f4a6af4ee9\"><div class=\"et_pb_text_inner\"><h5>Hiver<\/h5>\n<\/div><\/div>\n\n<div class=\"et_pb_text_10 et_pb_text et_pb_bg_layout_light et_pb_module et_block_module preset--module--divi-text--f99baddf-022d-450d-b69d-287668b7e9b5\"><div class=\"et_pb_text_inner\"><p>S<span style=\"font-weight: 400;\">ki nordique, raquettes.<\/span><\/p>\n<\/div><\/div>\n<\/div>\n<\/div>\n<\/div>\n\n<div class=\"et_pb_section_2 et_pb_section et_section_regular et_block_section\">\n<div class=\"et_pb_row_2 et_pb_row et_pb_gutters3 et_block_row\">\n<div class=\"et_pb_column_5 et_pb_column et_pb_column_4_4 et-last-child et_block_column et_pb_css_mix_blend_mode_passthrough\">\n<div class=\"et_pb_text_11 et_pb_text et_pb_bg_layout_light et_pb_module et_block_module preset--module--divi-text--e29372d1-d250-4ba9-9707-2edd106cbadf\"><div class=\"et_pb_text_inner\"><h2>Nature et randonn\u00e9es<\/h2>\n<\/div><\/div>\n<\/div>\n<\/div>\n\n<div class=\"et_pb_row_3 et_pb_row et_pb_gutters3 et_block_row\">\n<div class=\"et_pb_column_6 et_pb_column et_pb_column_2_5 et_block_column et_pb_css_mix_blend_mode_passthrough\">\n<div class=\"et_pb_image_4 et_pb_image et_pb_module et_block_module\"><span class=\"et_pb_image_wrap\"><img decoding=\"async\" src=\"https:\/\/gites-morteau-louadey.com\/wp-content\/uploads\/2026\/01\/0001_240507_WEB.jpg\" class=\"wp-image-83\" title=\"organic-farming-07\" \/><\/span><\/div>\n\n<div class=\"et_pb_text_12 et_pb_text et_pb_bg_layout_light et_pb_module et_block_module preset--module--divi-text--f6c52b6e-00f6-40bd-94c6-08dbf1cac1d8\"><div class=\"et_pb_text_inner\"><p><span style=\"font-weight: 400;\">Les amoureux de plein air seront combl\u00e9s !<\/span><span style=\"font-weight: 400;\"><br \/><\/span><span style=\"font-weight: 400;\">\u00c0 pied, \u00e0 v\u00e9lo, \u00e0 moto ou en raquettes, les sentiers partent presque au pas de la porte.<\/span><\/p>\n<ul>\n<li style=\"font-weight: 400;\" aria-level=\"1\"><b>Le Saut du Doubs<\/b><span style=\"font-weight: 400;\"> : un site naturel embl\u00e9matique entre France et Suisse. <\/span><span style=\"font-weight: 400;\">Une exp\u00e9rience unique !<\/span><\/li>\n<li style=\"font-weight: 400;\" aria-level=\"1\"><b>Les for\u00eats de Montlebon et du Val de Morteau<\/b><span style=\"font-weight: 400;\">, id\u00e9ales pour des randonn\u00e9es ombrag\u00e9es.<\/span><\/li>\n<li style=\"font-weight: 400;\" aria-level=\"1\"><b>Les gorges du Doubs<\/b><span style=\"font-weight: 400;\">, le <\/span><b>Lac de Saint-Point<\/b><span style=\"font-weight: 400;\"> et la <\/span><b>route des Montagnes du Jura<\/b><span style=\"font-weight: 400;\"> pour des panoramas grandioses.<\/span><\/li>\n<li style=\"font-weight: 400;\" aria-level=\"1\"><span style=\"font-weight: 400;\"><strong>et plus encore<\/strong> <a href=\"https:\/\/gites-morteau-louadey.com\/index.php\/2026\/02\/10\/que-faire-autour-des-gites-de-louadey\/\">\u00e0 d\u00e9couvrir dans cet article<\/a><\/span><\/li>\n<\/ul>\n<\/div><\/div>\n\n<div class=\"et_pb_module et_pb_button_module_wrapper et_pb_button_1_wrapper preset--module--divi-button--76a7835a-9f47-44df-b58d-ae50d69e8a77_wrapper\"><a class=\"et_pb_button_1 et_pb_button et_pb_bg_layout_light et_pb_module et_block_module preset--module--divi-button--76a7835a-9f47-44df-b58d-ae50d69e8a77\" href=\"https:\/\/www.pays-horloger.com\/offres\/contactez-nous\/office-de-tourisme-du-pays-horloger-bureau-de-morteau\/\" target=\"_blank\">Office du tourisme Val de Morteau<\/a><\/div>\n<\/div>\n\n<div class=\"et_pb_column_7 et_pb_column et_pb_column_3_5 et-last-child et_block_column et_pb_css_mix_blend_mode_passthrough\">\n<div class=\"et_pb_image_5 et_pb_image et_pb_module et_block_module\"><span class=\"et_pb_image_wrap\"><img decoding=\"async\" src=\"https:\/\/gites-morteau-louadey.com\/wp-content\/uploads\/2026\/01\/NeigeLouadey.png\" class=\"wp-image-71\" title=\"organic-farming-01\" \/><\/span><\/div>\n<\/div>\n<\/div>\n<\/div>\n\n<div class=\"et_pb_section_3 et_pb_section et_section_regular et_block_section\">\n<div class=\"et_pb_row_4 et_pb_row et_pb_gutters3 et_block_row\">\n<div class=\"et_pb_column_8 et_pb_column et_pb_column_4_4 et-last-child et_block_column et_pb_css_mix_blend_mode_passthrough\">\n<div class=\"et_pb_text_13 et_pb_text et_pb_bg_layout_light et_pb_module et_block_module preset--module--divi-text--d80d51f2-fde7-4a0d-a410-ff064ea8528a\"><div class=\"et_pb_text_inner\"><h4>Activit\u00e9s patrimoniales<\/h4>\n<\/div><\/div>\n<\/div>\n<\/div>\n\n<div class=\"et_pb_row_5 et_pb_row et_pb_gutters3 et_block_row\">\n<div class=\"et_pb_column_9 et_pb_column et_pb_column_4_4 et-last-child et_block_column et_pb_css_mix_blend_mode_passthrough\">\n<div class=\"et_pb_text_14 et_pb_text et_pb_bg_layout_light et_pb_module et_block_module preset--module--divi-text--e29372d1-d250-4ba9-9707-2edd106cbadf\"><div class=\"et_pb_text_inner\"><h2>Le Doubs, entre patrimoine et traditions du Jura<\/h2>\n<\/div><\/div>\n<\/div>\n<\/div>\n\n<div class=\"et_pb_row_6 et_pb_row et_pb_equal_columns et_pb_gutters1 et_block_row\">\n<div class=\"et_pb_column_10 et_pb_column et_pb_column_1_3 et_block_column et_pb_css_mix_blend_mode_passthrough\">\n<div class=\"et_pb_image_6 et_pb_image et_pb_module et_block_module\"><span class=\"et_pb_image_wrap\"><img decoding=\"async\" src=\"https:\/\/gites-morteau-louadey.com\/wp-content\/uploads\/2026\/01\/PICTO-chateau-Pertusier.png\" class=\"wp-image-152\" title=\"organic-farming-icon-01-1\" \/><\/span><\/div>\n\n<div class=\"et_pb_text_15 et_pb_text et_pb_bg_layout_light et_pb_module et_block_module preset--module--divi-text--021ef0c4-4913-4dfb-8f02-42f3ea8b213a\"><div class=\"et_pb_text_inner\"><h4>Le ch\u00e2teau Pertusier<\/h4>\n<\/div><\/div>\n\n<div class=\"et_pb_text_16 et_pb_text et_pb_bg_layout_light et_pb_module et_block_module preset--module--divi-text--f99baddf-022d-450d-b69d-287668b7e9b5\"><div class=\"et_pb_text_inner\"><p><span style=\"font-weight: 400;\">\u00c0 Morteau, superbe demeure du XVIII\u1d49 si\u00e8cle.<\/span><\/p>\n<\/div><\/div>\n<\/div>\n\n<div class=\"et_pb_column_11 et_pb_column et_pb_column_1_3 et_block_column et_pb_css_mix_blend_mode_passthrough\">\n<div class=\"et_pb_image_7 et_pb_image et_pb_module et_block_module\"><span class=\"et_pb_image_wrap\"><img decoding=\"async\" src=\"https:\/\/gites-morteau-louadey.com\/wp-content\/uploads\/2026\/01\/PICTO-Musee-horlogerie.png\" class=\"wp-image-154\" title=\"organic-farming-icon-02-1\" \/><\/span><\/div>\n\n<div class=\"et_pb_text_17 et_pb_text et_pb_bg_layout_light et_pb_module et_block_module preset--module--divi-text--021ef0c4-4913-4dfb-8f02-42f3ea8b213a\"><div class=\"et_pb_text_inner\"><h4><span style=\"font-weight: 400;\">Le <\/span><b>Mus\u00e9e de l\u2019Horlogerie de Morteau<\/b><\/h4>\n<\/div><\/div>\n\n<div class=\"et_pb_text_18 et_pb_text et_pb_bg_layout_light et_pb_module et_block_module preset--module--divi-text--f99baddf-022d-450d-b69d-287668b7e9b5\"><div class=\"et_pb_text_inner\"><p>T\u00e9moin du savoir-faire r\u00e9gional.<\/p>\n<\/div><\/div>\n<\/div>\n\n<div class=\"et_pb_column_12 et_pb_column et_pb_column_1_3 et-last-child et_block_column et_pb_css_mix_blend_mode_passthrough\">\n<div class=\"et_pb_image_8 et_pb_image et_pb_module et_block_module\"><span class=\"et_pb_image_wrap\"><img decoding=\"async\" src=\"https:\/\/gites-morteau-louadey.com\/wp-content\/uploads\/2026\/01\/PICTO-Musee-vie-antant.png\" class=\"wp-image-155\" title=\"organic-farming-icon-05-1\" \/><\/span><\/div>\n\n<div class=\"et_pb_text_19 et_pb_text et_pb_bg_layout_light et_pb_module et_block_module preset--module--divi-text--021ef0c4-4913-4dfb-8f02-42f3ea8b213a\"><div class=\"et_pb_text_inner\"><h4><a href=\"https:\/\/musee-vie-dantan.fr\/\" target=\"_blank\" rel=\"noopener\"><b>Mus\u00e9e de la Vie d\u2019Antan \u00e0 Montlebon<\/b><\/a><\/h4>\n<\/div><\/div>\n\n<div class=\"et_pb_text_20 et_pb_text et_pb_bg_layout_light et_pb_module et_block_module preset--module--divi-text--f99baddf-022d-450d-b69d-287668b7e9b5\"><div class=\"et_pb_text_inner\"><p>U<span style=\"font-weight: 400;\">n lieu \u00e9mouvant retra\u00e7ant la vie d\u2019autrefois.<\/span><\/p>\n<\/div><\/div>\n<\/div>\n<\/div>\n\n<div class=\"et_pb_row_7 et_pb_row et_pb_equal_columns et_pb_gutters1 et_block_row\">\n<div class=\"et_pb_column_13 et_pb_column et_pb_column_1_2 et_block_column et_pb_css_mix_blend_mode_passthrough\">\n<div class=\"et_pb_image_9 et_pb_image et_pb_module et_block_module\"><span class=\"et_pb_image_wrap\"><img decoding=\"async\" src=\"https:\/\/gites-morteau-louadey.com\/wp-content\/uploads\/2026\/01\/PICTO-Comtois-en-folie.png\" class=\"wp-image-153\" title=\"organic-farming-icon-03-1\" \/><\/span><\/div>\n\n<div class=\"et_pb_text_21 et_pb_text et_pb_bg_layout_light et_pb_module et_block_module preset--module--divi-text--021ef0c4-4913-4dfb-8f02-42f3ea8b213a\"><div class=\"et_pb_text_inner\"><h4><b>Les Comtois en folie<\/b><\/h4>\n<\/div><\/div>\n\n<div class=\"et_pb_text_22 et_pb_text et_pb_bg_layout_light et_pb_module et_block_module preset--module--divi-text--f99baddf-022d-450d-b69d-287668b7e9b5\"><div class=\"et_pb_text_inner\"><p>A<span style=\"font-weight: 400;\">nimations et d\u00e9monstrations autour des chevaux comtois, symbole vivant de la r\u00e9gion.<\/span><\/p>\n<\/div><\/div>\n<\/div>\n\n<div class=\"et_pb_column_14 et_pb_column et_pb_column_1_2 et-last-child et_block_column et_pb_css_mix_blend_mode_passthrough\">\n<div class=\"et_pb_image_10 et_pb_image et_pb_module et_block_module\"><span class=\"et_pb_image_wrap\"><img decoding=\"async\" src=\"https:\/\/gites-morteau-louadey.com\/wp-content\/uploads\/2026\/01\/PICTO-Restaurants.png\" class=\"wp-image-156\" title=\"organic-farming-icon-04-1\" \/><\/span><\/div>\n\n<div class=\"et_pb_text_23 et_pb_text et_pb_bg_layout_light et_pb_module et_block_module preset--module--divi-text--021ef0c4-4913-4dfb-8f02-42f3ea8b213a\"><div class=\"et_pb_text_inner\"><h4><a href=\"https:\/\/gites-morteau-louadey.com\/index.php\/2026\/02\/10\/que-faire-autour-des-gites-de-louadey\/\" target=\"_blank\" rel=\"noopener\">D\u00e9couvertes locales<\/a><\/h4>\n<\/div><\/div>\n\n<div class=\"et_pb_text_24 et_pb_text et_pb_bg_layout_light et_pb_module et_block_module preset--module--divi-text--f99baddf-022d-450d-b69d-287668b7e9b5\"><div class=\"et_pb_text_inner\"><p>D\u00e9couvrez le <a href=\"https:\/\/www.aubergeducharron.com\/\" target=\"_blank\" rel=\"noopener\"><strong>Restaurant Le Charron<\/strong><\/a>, un endroit unique et typique du Jura. Continuez votre exploration avec <a href=\"https:\/\/www.saugeartisansdubois.com\/\" target=\"_blank\" rel=\"noopener\"><strong>l&rsquo;entreprise Sauge<\/strong><\/a>, un artisan local \u00e0 ne pas manquer.<\/p>\n<\/div><\/div>\n<\/div>\n<\/div>\n<\/div>\n\n<div class=\"et_pb_section_4 et_pb_section et_section_regular et_block_section\">\n<div class=\"et_pb_row_8 et_pb_row et_pb_gutters3 et_block_row\">\n<div class=\"et_pb_column_15 et_pb_column et_pb_column_1_2 et_block_column et_pb_css_mix_blend_mode_passthrough\">\n<div class=\"et_pb_text_25 et_pb_text et_pb_bg_layout_light et_pb_module et_block_module preset--module--divi-text--e29372d1-d250-4ba9-9707-2edd106cbadf\"><div class=\"et_pb_text_inner\"><h2>Saveurs du Haut-Doubs<\/h2>\n<\/div><\/div>\n\n<div class=\"et_pb_text_26 et_pb_text et_pb_bg_layout_light et_pb_module et_block_module preset--module--divi-text--f6c52b6e-00f6-40bd-94c6-08dbf1cac1d8\"><div class=\"et_pb_text_inner\"><p><span style=\"font-weight: 400;\">Impossible de s\u00e9journer \u00e0 Montlebon sans go\u00fbter aux sp\u00e9cialit\u00e9s locales !<\/span><\/p>\n<ul>\n<li style=\"font-weight: 400;\" aria-level=\"1\"><b>La c\u00e9l\u00e8bre saucisse de Morteau<\/b><span style=\"font-weight: 400;\">, fum\u00e9e dans les tuy\u00e9s traditionnels.<\/span><\/li>\n<li style=\"font-weight: 400;\" aria-level=\"1\"><span style=\"font-weight: 400;\">Les <\/span><b>fromages embl\u00e9matiques<\/b><span style=\"font-weight: 400;\"> : Comt\u00e9, Mont d\u2019Or, Morbier\u2026<\/span><\/li>\n<li style=\"font-weight: 400;\" aria-level=\"1\"><span style=\"font-weight: 400;\">Les march\u00e9s de producteurs, caves d\u2019affinage o\u00f9 savourer des produits du terroir.<\/span><\/li>\n<\/ul>\n<p><span style=\"font-weight: 400;\">Une exp\u00e9rience gourmande \u00e0 partager autour d\u2019une grande tabl\u00e9e, dans la convivialit\u00e9 typique du Jura.<\/span><\/p>\n<\/div><\/div>\n\n<div class=\"et_pb_module et_pb_button_module_wrapper et_pb_button_2_wrapper preset--module--divi-button--76a7835a-9f47-44df-b58d-ae50d69e8a77_wrapper\"><a class=\"et_pb_button_2 et_pb_button et_pb_bg_layout_light et_pb_module et_block_module preset--module--divi-button--76a7835a-9f47-44df-b58d-ae50d69e8a77\" href=\"https:\/\/www.gites-de-france.com\/fr\/bourgogne-franche-comte\/doubs\/le-louadey-25g685?data-ori=ADSWFNGFFR88PMAX&#038;gad_source=1&#038;gad_campaignid=23479886534&#038;gbraid=0AAAAADuqjgO5GZ9cBP2GKbUXWrVzJtAn7&#038;gclid=CjwKCAiAj8LLBhAkEiwAJjbY71ZKCOhw4TLQvjJLSFiAspHfltPOhPtp5ogkjGGT9U7YHZkof9T_RhoCYZoQAvD_BwE\" target=\"_blank\">R\u00e9servez votre g\u00eete<\/a><\/div>\n<\/div>\n\n<div class=\"et_pb_column_16 et_pb_column et_pb_column_1_2 et-last-child et_block_column et_pb_css_mix_blend_mode_passthrough\">\n<div class=\"et_pb_image_11 et_pb_image et_pb_module et_block_module\"><span class=\"et_pb_image_wrap\"><img decoding=\"async\" src=\"https:\/\/gites-morteau-louadey.com\/wp-content\/uploads\/2026\/01\/MontagneJura.png\" class=\"wp-image-37\" title=\"organic-farming-04\" \/><\/span><\/div>\n<\/div>\n<\/div>\n<\/div>","protected":false},"excerpt":{"rendered":"","protected":false},"author":1,"featured_media":0,"parent":0,"menu_order":0,"comment_status":"closed","ping_status":"closed","template":"","meta":{"footnotes":""},"class_list":["post-38","page","type-page","status-publish","hentry"],"_links":{"self":[{"href":"https:\/\/gites-morteau-louadey.com\/index.php\/wp-json\/wp\/v2\/pages\/38","targetHints":{"allow":["GET"]}}],"collection":[{"href":"https:\/\/gites-morteau-louadey.com\/index.php\/wp-json\/wp\/v2\/pages"}],"about":[{"href":"https:\/\/gites-morteau-louadey.com\/index.php\/wp-json\/wp\/v2\/types\/page"}],"author":[{"embeddable":true,"href":"https:\/\/gites-morteau-louadey.com\/index.php\/wp-json\/wp\/v2\/users\/1"}],"replies":[{"embeddable":true,"href":"https:\/\/gites-morteau-louadey.com\/index.php\/wp-json\/wp\/v2\/comments?post=38"}],"version-history":[{"count":23,"href":"https:\/\/gites-morteau-louadey.com\/index.php\/wp-json\/wp\/v2\/pages\/38\/revisions"}],"predecessor-version":[{"id":277,"href":"https:\/\/gites-morteau-louadey.com\/index.php\/wp-json\/wp\/v2\/pages\/38\/revisions\/277"}],"wp:attachment":[{"href":"https:\/\/gites-morteau-louadey.com\/index.php\/wp-json\/wp\/v2\/media?parent=38"}],"curies":[{"name":"wp","href":"https:\/\/api.w.org\/{rel}","templated":true}]}}