{"id":41,"date":"2026-01-21T12:40:17","date_gmt":"2026-01-21T11:40:17","guid":{"rendered":"https:\/\/gites-morteau-louadey.com\/?page_id=41"},"modified":"2026-02-14T14:57:07","modified_gmt":"2026-02-14T13:57:07","slug":"blog","status":"publish","type":"page","link":"https:\/\/gites-morteau-louadey.com\/index.php\/blog\/","title":{"rendered":"Blog"},"content":{"rendered":"<div class=\"et_pb_section_0 et_pb_section et_section_regular et_block_section\">\n<div class=\"et_pb_row_0 et_pb_row et_pb_gutters3 et_block_row\">\n<div class=\"et_pb_column_0 et_pb_column et_pb_column_4_4 et-last-child et_block_column et_pb_css_mix_blend_mode_passthrough\">\n<div class=\"et_pb_text_0 et_pb_text et_pb_bg_layout_light et_pb_module et_block_module preset--module--divi-text--d80d51f2-fde7-4a0d-a410-ff064ea8528a\"><div class=\"et_pb_text_inner\"><h4>Blog<\/h4>\n<\/div><\/div>\n\n<div class=\"et_pb_text_1 et_pb_text et_pb_bg_layout_light et_pb_module et_block_module preset--module--divi-text--854eade0-ccd6-41ff-9530-071eaca79377\"><div class=\"et_pb_text_inner\"><h1>Derni\u00e8res nouvelles du Doubs<\/h1>\n<\/div><\/div>\n\n<div class=\"et_pb_blog_0 et_pb_blog et_pb_bg_layout_light et_pb_posts et_pb_module\"><div class=\"et_pb_ajax_pagination_container\"><div class=\"et_pb_posts et_grid_module\"><article class=\"et_pb_post et_pb_post_id_192 clearfix et_pb_blog_item_0_0 post-192 post type-post status-publish format-standard has-post-thumbnail hentry category-les-gites category-sejour-nature category-sejour-toute-lannee tag-sejour-toute-lannee\"><div class=\"et_pb_image_container\"><a href=\"https:\/\/gites-morteau-louadey.com\/index.php\/2026\/02\/10\/le-jura-en-toutes-saisons-pourquoi-revenir-toute-lannee-aux-gites-de-louadey\/\" class=\"entry-featured-image-url\"><img loading=\"lazy\" decoding=\"async\" src=\"https:\/\/gites-morteau-louadey.com\/wp-content\/uploads\/2026\/02\/Naige.jpg\" width=\"400\" height=\"284\" alt=\"le Jura en toutes saisons - Ext\u00e9rieur des g\u00eetes de Louadey\" class=\"\" srcset=\"https:\/\/gites-morteau-louadey.com\/wp-content\/uploads\/2026\/02\/Naige.jpg 479w, https:\/\/gites-morteau-louadey.com\/wp-content\/uploads\/2026\/02\/Naige-400x284.jpg 480w\" sizes=\"(max-width:479px) 479px, 100vw\" \/><span data-icon=\"\ue050\" class=\"et_overlay et_pb_inline_icon\"><\/span><\/a><\/div><h2 class=\"entry-title\"><a href=\"https:\/\/gites-morteau-louadey.com\/index.php\/2026\/02\/10\/le-jura-en-toutes-saisons-pourquoi-revenir-toute-lannee-aux-gites-de-louadey\/\">Le Jura en toutes saisons : pourquoi revenir toute l\u2019ann\u00e9e aux g\u00eetes de Louadey<\/a><\/h2><p class=\"post-meta\"><span class=\"published\">10 F\u00e9v 2026<\/span> | <span class=\"entry-categories\"><a href=\"https:\/\/gites-morteau-louadey.com\/index.php\/category\/les-gites\/\" rel=\"tag\">Les g\u00eetes de Louadey<\/a>, <a href=\"https:\/\/gites-morteau-louadey.com\/index.php\/category\/sejour-nature\/\" rel=\"tag\">S\u00e9jour nature<\/a>, <a href=\"https:\/\/gites-morteau-louadey.com\/index.php\/category\/sejour-toute-lannee\/\" rel=\"tag\">S\u00e9jour toute l\u2019ann\u00e9e<\/a><\/span><\/p><div class=\"post-content\"><div class=\"post-content-inner\"><p>Un territoire qui se transforme au fil des saisons Le Jura est un territoire vivant, changeant, qui se d\u00e9couvre diff\u00e9remment selon les moments de l\u2019ann\u00e9e. S\u00e9journer aux g\u00eetes de Louadey, c\u2019est choisir un lieu qui s\u2019adapte aux saisons, aux envies et aux rythmes de&#8230;<\/p>\n<\/div><\/div><\/article><article class=\"et_pb_post et_pb_post_id_183 clearfix et_pb_blog_item_0_1 post-183 post type-post status-publish format-standard has-post-thumbnail hentry category-les-gites category-tourisme-local\"><div class=\"et_pb_image_container\"><a href=\"https:\/\/gites-morteau-louadey.com\/index.php\/2026\/02\/10\/que-faire-autour-des-gites-de-louadey\/\" class=\"entry-featured-image-url\"><img loading=\"lazy\" decoding=\"async\" src=\"https:\/\/gites-morteau-louadey.com\/wp-content\/uploads\/2026\/02\/Montlebon.jpg\" width=\"400\" height=\"284\" alt=\"Ext\u00e9rieur des g\u00eetes de Louadey\" class=\"\" srcset=\"https:\/\/gites-morteau-louadey.com\/wp-content\/uploads\/2026\/02\/Montlebon.jpg 479w, https:\/\/gites-morteau-louadey.com\/wp-content\/uploads\/2026\/02\/Montlebon-400x284.jpg 480w\" sizes=\"(max-width:479px) 479px, 100vw\" \/><span data-icon=\"\ue050\" class=\"et_overlay et_pb_inline_icon\"><\/span><\/a><\/div><h2 class=\"entry-title\"><a href=\"https:\/\/gites-morteau-louadey.com\/index.php\/2026\/02\/10\/que-faire-autour-des-gites-de-louadey\/\">Que faire autour des g\u00eetes de Louadey ?<\/a><\/h2><p class=\"post-meta\"><span class=\"published\">10 F\u00e9v 2026<\/span> | <span class=\"entry-categories\"><a href=\"https:\/\/gites-morteau-louadey.com\/index.php\/category\/les-gites\/\" rel=\"tag\">Les g\u00eetes de Louadey<\/a>, <a href=\"https:\/\/gites-morteau-louadey.com\/index.php\/category\/tourisme-local\/\" rel=\"tag\">Tourisme local<\/a><\/span><\/p><div class=\"post-content\"><div class=\"post-content-inner\"><p>S\u2019immerger dans l\u2019authenticit\u00e9 locale Autour des g\u00eetes, le Pays Horloger et le Haut-Doubs regorgent de lieux \u00e0 d\u00e9couvrir, d\u2019activit\u00e9s nature et d\u2019exp\u00e9riences authentiques et m\u00e9morables. Que vous aimiez marcher, observer, apprendre ou profiter de moments gourmands, il&#8230;<\/p>\n<\/div><\/div><\/article><article class=\"et_pb_post et_pb_post_id_166 clearfix et_pb_blog_item_0_2 post-166 post type-post status-publish format-standard has-post-thumbnail hentry category-les-gites category-sejour-nature category-sejour-toute-lannee\"><div class=\"et_pb_image_container\"><a href=\"https:\/\/gites-morteau-louadey.com\/index.php\/2026\/02\/05\/bienvenue-aux-gites-de-louadey\/\" class=\"entry-featured-image-url\"><img loading=\"lazy\" decoding=\"async\" src=\"https:\/\/gites-morteau-louadey.com\/wp-content\/uploads\/2026\/02\/P1010206.jpg\" width=\"400\" height=\"284\" alt=\"Les G\u00eetes de Louadey vous accueillent toute l&#039;ann\u00e9e dans le Doubs, au coeur de sa vall\u00e9e.\" class=\"\" srcset=\"https:\/\/gites-morteau-louadey.com\/wp-content\/uploads\/2026\/02\/P1010206.jpg 479w, https:\/\/gites-morteau-louadey.com\/wp-content\/uploads\/2026\/02\/P1010206-400x284.jpg 480w\" sizes=\"(max-width:479px) 479px, 100vw\" \/><span data-icon=\"\ue050\" class=\"et_overlay et_pb_inline_icon\"><\/span><\/a><\/div><h2 class=\"entry-title\"><a href=\"https:\/\/gites-morteau-louadey.com\/index.php\/2026\/02\/05\/bienvenue-aux-gites-de-louadey\/\">Bienvenue aux g\u00eetes de Louadey<\/a><\/h2><p class=\"post-meta\"><span class=\"published\">5 F\u00e9v 2026<\/span> | <span class=\"entry-categories\"><a href=\"https:\/\/gites-morteau-louadey.com\/index.php\/category\/les-gites\/\" rel=\"tag\">Les g\u00eetes de Louadey<\/a>, <a href=\"https:\/\/gites-morteau-louadey.com\/index.php\/category\/sejour-nature\/\" rel=\"tag\">S\u00e9jour nature<\/a>, <a href=\"https:\/\/gites-morteau-louadey.com\/index.php\/category\/sejour-toute-lannee\/\" rel=\"tag\">S\u00e9jour toute l\u2019ann\u00e9e<\/a><\/span><\/p><div class=\"post-content\"><div class=\"post-content-inner\"><p>Bienvenue chez nous, aux g\u00eetes de Louadey.Ici, au c\u0153ur du Jura, nous avons \u00e0 c\u0153ur de vous accueillir chaleureusement, comme on le ferait pour des proches. Avant m\u00eame de parler de chambres, d\u2019\u00e9quipements ou d\u2019activit\u00e9s, nous aimons parler d\u2019ambiance, de calme et de&#8230;<\/p>\n<\/div><\/div><\/article><\/div><div class=\"pagination clearfix\">\n\t<div class=\"alignleft\"><\/div>\n\t<div class=\"alignright\"><\/div>\n<\/div><\/div><\/div>\n<\/div>\n<\/div>\n<\/div>","protected":false},"excerpt":{"rendered":"","protected":false},"author":1,"featured_media":0,"parent":0,"menu_order":0,"comment_status":"closed","ping_status":"closed","template":"","meta":{"footnotes":""},"class_list":["post-41","page","type-page","status-publish","hentry"],"_links":{"self":[{"href":"https:\/\/gites-morteau-louadey.com\/index.php\/wp-json\/wp\/v2\/pages\/41","targetHints":{"allow":["GET"]}}],"collection":[{"href":"https:\/\/gites-morteau-louadey.com\/index.php\/wp-json\/wp\/v2\/pages"}],"about":[{"href":"https:\/\/gites-morteau-louadey.com\/index.php\/wp-json\/wp\/v2\/types\/page"}],"author":[{"embeddable":true,"href":"https:\/\/gites-morteau-louadey.com\/index.php\/wp-json\/wp\/v2\/users\/1"}],"replies":[{"embeddable":true,"href":"https:\/\/gites-morteau-louadey.com\/index.php\/wp-json\/wp\/v2\/comments?post=41"}],"version-history":[{"count":3,"href":"https:\/\/gites-morteau-louadey.com\/index.php\/wp-json\/wp\/v2\/pages\/41\/revisions"}],"predecessor-version":[{"id":271,"href":"https:\/\/gites-morteau-louadey.com\/index.php\/wp-json\/wp\/v2\/pages\/41\/revisions\/271"}],"wp:attachment":[{"href":"https:\/\/gites-morteau-louadey.com\/index.php\/wp-json\/wp\/v2\/media?parent=41"}],"curies":[{"name":"wp","href":"https:\/\/api.w.org\/{rel}","templated":true}]}}