{"id":50,"date":"2026-01-21T12:40:26","date_gmt":"2026-01-21T11:40:26","guid":{"rendered":"https:\/\/gites-morteau-louadey.com\/?page_id=50"},"modified":"2026-02-14T14:48:51","modified_gmt":"2026-02-14T13:48:51","slug":"gites-motards","status":"publish","type":"page","link":"https:\/\/gites-morteau-louadey.com\/index.php\/gites-motards\/","title":{"rendered":"G\u00eetes motards"},"content":{"rendered":"<div class=\"et_pb_section_0 et_pb_section et_section_regular et_block_section\">\n<div class=\"et_pb_row_0 et_pb_row et_pb_gutters3 et_block_row\">\n<div class=\"et_pb_column_0 et_pb_column et_pb_column_4_4 et-last-child et_block_column et_pb_css_mix_blend_mode_passthrough\">\n<div class=\"et_pb_text_0 et_pb_text et_pb_bg_layout_light et_pb_module et_block_module preset--module--divi-text--d80d51f2-fde7-4a0d-a410-ff064ea8528a\"><div class=\"et_pb_text_inner\"><h4>Pour les motards<\/h4>\n<\/div><\/div>\n\n<div class=\"et_pb_text_1 et_pb_text et_pb_bg_layout_light et_pb_module et_block_module preset--module--divi-text--854eade0-ccd6-41ff-9530-071eaca79377\"><div class=\"et_pb_text_inner\"><h1><b>Un accueil chaleureux pour les voyageurs \u00e0 deux roues<\/b><\/h1>\n<\/div><\/div>\n\n<div class=\"et_pb_image_0 et_pb_image et_pb_module et_flex_module\"><a href=\"https:\/\/www.doubs.travel\/motards-bienvenue\/gite-le-louadey\" target=\"_blank\"><span class=\"et_pb_image_wrap\"><img decoding=\"async\" src=\"https:\/\/gites-morteau-louadey.com\/wp-content\/uploads\/2026\/01\/LABEL-Doubs-tourisme-motard.png\" class=\"wp-image-28\" \/><\/span><\/a><\/div>\n<\/div>\n<\/div>\n<\/div>\n\n<div class=\"et_pb_section_1 et_pb_section et_section_regular et_block_section\">\n<div class=\"et_pb_row_1 et_pb_row et_pb_gutters3 et_block_row\">\n<div class=\"et_pb_column_1 et_pb_column et_pb_column_3_5 et_block_column et_pb_css_mix_blend_mode_passthrough\">\n<div class=\"et_pb_text_2 et_pb_text et_pb_bg_layout_light et_pb_module et_block_module preset--module--divi-text--d80d51f2-fde7-4a0d-a410-ff064ea8528a\"><div class=\"et_pb_text_inner\"><h4>S\u00e9jour moto au coeur du Doubs<\/h4>\n<\/div><\/div>\n\n<div class=\"et_pb_text_3 et_pb_text et_pb_bg_layout_light et_pb_module et_block_module preset--module--divi-text--e29372d1-d250-4ba9-9707-2edd106cbadf\"><div class=\"et_pb_text_inner\"><h2><b>Un lieu d\u2019accueil id\u00e9al<br \/>\npour les motards<\/b><\/h2>\n<\/div><\/div>\n\n<div class=\"et_pb_text_4 et_pb_text et_pb_bg_layout_light et_pb_module et_block_module preset--module--divi-text--f6c52b6e-00f6-40bd-94c6-08dbf1cac1d8\"><div class=\"et_pb_text_inner\"><p><span style=\"font-weight: 400;\">Nich\u00e9 <\/span><b>en lisi\u00e8re de for\u00eat<\/b><span style=\"font-weight: 400;\">, au c\u0153ur des <\/span><b>Montagnes du Jura<\/b><span style=\"font-weight: 400;\">, Louadey est avant tout une <\/span><b>maison de famille<\/b><span style=\"font-weight: 400;\"> pleine d\u2019histoire. Elle a \u00e9t\u00e9 enti\u00e8rement r\u00e9nov\u00e9e pour offrir trois g\u00eetes confortables o\u00f9 se m\u00ealent <\/span><b>authenticit\u00e9, convivialit\u00e9 et bien-\u00eatre<\/b><span style=\"font-weight: 400;\">.<\/span><\/p>\n<p><span style=\"font-weight: 400;\">Bois, pierre et lumi\u00e8re naturelle composent une atmosph\u00e8re chaleureuse qui invite \u00e0 la d\u00e9tente et au partage.<\/span><\/p>\n<p><span style=\"font-weight: 400;\">Ici, tout est pens\u00e9 pour que vous vous sentiez \u201ccomme \u00e0 la maison\u201d, avec en plus le calme, la nature et l\u2019air pur du Haut-Doubs.<\/span><\/p>\n<\/div><\/div>\n\n<div class=\"et_pb_module et_pb_button_module_wrapper et_pb_button_0_wrapper preset--module--divi-button--d87b6a35-c5e8-4a9e-99c7-50b249351fbc_wrapper\"><a class=\"et_pb_button_0 et_pb_button et_pb_bg_layout_light et_pb_module et_block_module preset--module--divi-button--d87b6a35-c5e8-4a9e-99c7-50b249351fbc\" href=\"https:\/\/gites-morteau-louadey.com\/index.php\/nos-gites\/\">Nos g\u00eetes<\/a><\/div>\n<\/div>\n\n<div class=\"et_pb_column_2 et_pb_column et_pb_column_2_5 et-last-child et_block_column et_pb_css_mix_blend_mode_passthrough\">\n<div class=\"et_pb_image_1 et_pb_image et_pb_module et_block_module\"><span class=\"et_pb_image_wrap\"><img decoding=\"async\" src=\"https:\/\/gites-morteau-louadey.com\/wp-content\/uploads\/2026\/01\/Vallee-Gites.png\" class=\"wp-image-198\" title=\"organic-farming-11\" \/><\/span><\/div>\n<\/div>\n<\/div>\n<\/div>\n\n<div class=\"et_pb_section_2 et_pb_section et_section_regular et_block_section\">\n<div class=\"et_pb_row_2 et_pb_row et_pb_equal_columns et_pb_gutters3 et_block_row\">\n<div class=\"et_pb_column_3 et_pb_column et_pb_column_2_3 et_block_column et_pb_css_mix_blend_mode_passthrough\">\n<div class=\"et_pb_text_5 et_pb_text et_pb_bg_layout_light et_pb_module et_block_module preset--module--divi-text--e29372d1-d250-4ba9-9707-2edd106cbadf\"><div class=\"et_pb_text_inner\"><h2><b>Esprit motard, esprit de partage<\/b><\/h2>\n<\/div><\/div>\n\n<div class=\"et_pb_text_6 et_pb_text et_pb_bg_layout_light et_pb_module et_block_module preset--module--divi-text--f6c52b6e-00f6-40bd-94c6-08dbf1cac1d8\"><div class=\"et_pb_text_inner\"><p><span style=\"font-weight: 400;\"><a href=\"https:\/\/gites-morteau-louadey.com\/index.php\/2026\/02\/05\/bienvenue-aux-gites-de-louadey\/\">Marie-H\u00e9l\u00e8ne et Lo\u00efc, vos h\u00f4tes<\/a>, accueillent r\u00e9guli\u00e8rement des groupes de motards et connaissent bien les itin\u00e9raires de la r\u00e9gion.<\/span><span style=\"font-weight: 400;\"><br \/><\/span><span style=\"font-weight: 400;\">Ils se feront un plaisir de vous recommander leurs <\/span><b>plus beaux parcours<\/b><span style=\"font-weight: 400;\"> et<a href=\"https:\/\/gites-morteau-louadey.com\/index.php\/activites-proches-de-louadey\/?et_fb=1&amp;PageSpeed=off\" target=\"_blank\" rel=\"noopener\"> leurs <\/a><\/span><a href=\"https:\/\/gites-morteau-louadey.com\/index.php\/activites-proches-de-louadey\/?et_fb=1&amp;PageSpeed=off\" target=\"_blank\" rel=\"noopener\"><b>bonnes adresses<\/b><\/a><span style=\"font-weight: 400;\"> pour une pause caf\u00e9, un d\u00e9jeuner local ou une halte panoramique.<\/span><\/p>\n<p><span style=\"font-weight: 400;\">Que vous voyagiez seul, en duo ou en groupe, vous trouverez ici un lieu convivial o\u00f9 chaque motard est accueilli comme un ami.<\/span><\/p>\n<\/div><\/div>\n<\/div>\n\n<div class=\"et_pb_column_4 et_pb_column et_pb_column_1_3 et-last-child et_flex_column et_pb_css_mix_blend_mode_passthrough\">\n<div class=\"et_pb_module et_pb_button_module_wrapper et_pb_button_1_wrapper preset--module--divi-button--87912f21-0a15-4902-aef1-dc1922179b0e_wrapper\"><a class=\"et_pb_button_1 et_pb_button et_pb_bg_layout_light et_pb_module et_block_module preset--module--divi-button--87912f21-0a15-4902-aef1-dc1922179b0e\" href=\"https:\/\/www.gites-de-france.com\/fr\/bourgogne-franche-comte\/doubs\/le-louadey-25g685?data-ori=ADSWFNGFFR88PMAX&#038;gad_source=1&#038;gad_campaignid=23479886534&#038;gbraid=0AAAAADuqjgO5GZ9cBP2GKbUXWrVzJtAn7&#038;gclid=CjwKCAiAj8LLBhAkEiwAJjbY71ZKCOhw4TLQvjJLSFiAspHfltPOhPtp5ogkjGGT9U7YHZkof9T_RhoCYZoQAvD_BwE\" target=\"_blank\">R\u00e9servez votre g\u00eete<\/a><\/div>\n<\/div>\n<\/div>\n<\/div>\n\n<div class=\"et_pb_section_3 et_pb_section et_section_regular et_flex_section\">\n<div class=\"et_pb_row_3 et_pb_row et_flex_row\">\n<div class=\"et_pb_column_5 et_pb_column et-last-child et_flex_column et_pb_css_mix_blend_mode_passthrough et_flex_column_24_24\">\n<div class=\"et_pb_text_7 et_pb_text et_pb_bg_layout_light et_pb_module et_block_module preset--module--divi-text--d80d51f2-fde7-4a0d-a410-ff064ea8528a\"><div class=\"et_pb_text_inner\"><h4>Vos itin\u00e9raires<\/h4>\n<\/div><\/div>\n\n<div class=\"et_pb_text_8 et_pb_text et_pb_bg_layout_light et_pb_module et_block_module preset--module--divi-text--e29372d1-d250-4ba9-9707-2edd106cbadf\"><div class=\"et_pb_text_inner\"><h2><b>Des itin\u00e9raires moto \u00e0 couper le souffle<\/b><\/h2>\n<\/div><\/div>\n<\/div>\n<\/div>\n\n<div class=\"et_pb_row_4 et_pb_row et_pb_equal_columns et_pb_gutters1 et_block_row\">\n<div class=\"et_pb_column_6 et_pb_column et_pb_column_1_3 et_block_column et_pb_css_mix_blend_mode_passthrough\">\n<div class=\"et_pb_text_9 et_pb_text et_pb_bg_layout_light et_pb_module et_block_module preset--module--divi-text--021ef0c4-4913-4dfb-8f02-42f3ea8b213a\"><div class=\"et_pb_text_inner\"><h4>Le circuit du Saut du Doubs<\/h4>\n<p>Boucle pittoresque entre cascades, belv\u00e9d\u00e8res et fronti\u00e8re suisse.<\/p>\n<\/div><\/div>\n<\/div>\n\n<div class=\"et_pb_column_7 et_pb_column et_pb_column_1_3 et_block_column et_pb_css_mix_blend_mode_passthrough\">\n<div class=\"et_pb_text_10 et_pb_text et_pb_bg_layout_light et_pb_module et_block_module preset--module--divi-text--021ef0c4-4913-4dfb-8f02-42f3ea8b213a\"><div class=\"et_pb_text_inner\"><h4>Route du Comt\u00e9 et des salaisons<\/h4>\n<p>Itin\u00e9raire gourmand \u00e0 travers les villages typiques du Haut-Doubs.<\/p>\n<\/div><\/div>\n<\/div>\n\n<div class=\"et_pb_column_8 et_pb_column et_pb_column_1_3 et_block_column et_pb_css_mix_blend_mode_passthrough\">\n<div class=\"et_pb_text_11 et_pb_text et_pb_bg_layout_light et_pb_module et_block_module preset--module--divi-text--021ef0c4-4913-4dfb-8f02-42f3ea8b213a\"><div class=\"et_pb_text_inner\"><h4>Gorges du Doubs et lac de St-Point<\/h4>\n<p>Paysages \u00e0 couper le souffle et pauses photos incontournables.<\/p>\n<\/div><\/div>\n<\/div>\n\n<div class=\"et_pb_column_9 et_pb_column et_pb_column_1_3 et-last-child et_block_column et_pb_css_mix_blend_mode_passthrough\">\n<div class=\"et_pb_text_12 et_pb_text et_pb_bg_layout_light et_pb_module et_block_module preset--module--divi-text--021ef0c4-4913-4dfb-8f02-42f3ea8b213a\"><div class=\"et_pb_text_inner\"><h4>Montagnes du Jura<\/h4>\n<p>Cols sinueux, for\u00eats denses, panoramas exceptionnels.<\/p>\n<\/div><\/div>\n<\/div>\n<\/div>\n\n<div class=\"et_pb_row_5 et_pb_row et_flex_row\">\n<div class=\"et_pb_column_10 et_pb_column et_flex_column et_pb_css_mix_blend_mode_passthrough et_flex_column_3_5 et_flex_column_3_5_tablet et_flex_column_24_24_phone\">\n<div class=\"et_pb_text_13 et_pb_text et_pb_bg_layout_light et_pb_module et_block_module preset--module--divi-text--d80d51f2-fde7-4a0d-a410-ff064ea8528a\"><div class=\"et_pb_text_inner\"><h4>Votre g\u00eete moto<\/h4>\n<\/div><\/div>\n\n<div class=\"et_pb_text_14 et_pb_text et_pb_bg_layout_light et_pb_module et_block_module preset--module--divi-text--e29372d1-d250-4ba9-9707-2edd106cbadf\"><div class=\"et_pb_text_inner\"><h2>Tout confort pour votre s\u00e9jour<\/h2>\n<\/div><\/div>\n\n<div class=\"et_pb_text_15 et_pb_text et_pb_bg_layout_light et_pb_module et_block_module preset--module--divi-text--f6c52b6e-00f6-40bd-94c6-08dbf1cac1d8\"><div class=\"et_pb_text_inner\"><p><span style=\"font-weight: 400;\">Tout est pr\u00e9vu pour vous accueillir dans les meilleures conditions :<\/span><\/p>\n<ul>\n<li style=\"font-weight: 400;\" aria-level=\"1\"><b>Parking s\u00e9curis\u00e9 et spacieux<\/b><span style=\"font-weight: 400;\">, \u00e0 proximit\u00e9 imm\u00e9diate des g\u00eetes<\/span><\/li>\n<li style=\"font-weight: 400;\" aria-level=\"1\"><span style=\"font-weight: 400;\">Local couvert pour ranger les motos \u00e0 l\u2019abri<\/span><\/li>\n<li style=\"font-weight: 400;\" aria-level=\"1\"><span style=\"font-weight: 400;\">Espace pour faire s\u00e9cher vos v\u00eatements et \u00e9quipements<\/span><\/li>\n<li style=\"font-weight: 400;\" aria-level=\"1\"><span style=\"font-weight: 400;\">Outillage de base disponible sur demande<\/span><\/li>\n<li style=\"font-weight: 400;\" aria-level=\"1\"><span style=\"font-weight: 400;\">Linge fourni et chauffage inclus pour un confort optimal au retour de balade<\/span><\/li>\n<li style=\"font-weight: 400;\" aria-level=\"1\"><span style=\"font-weight: 400;\">Acc\u00e8s internet <\/span><b>fibre<\/b><span style=\"font-weight: 400;\"> pour planifier vos prochaines \u00e9tapes<\/span><\/li>\n<\/ul>\n<p><span style=\"font-weight: 400;\">Apr\u00e8s la route, profitez du calme de la for\u00eat et d\u2019un h\u00e9bergement chaleureux o\u00f9 tout a \u00e9t\u00e9 pens\u00e9 pour votre confort.<\/span><\/p>\n<\/div><\/div>\n<\/div>\n\n<div class=\"et_pb_column_11 et_pb_column et-last-child et_flex_column et_pb_css_mix_blend_mode_passthrough et_flex_column_2_5 et_flex_column_2_5_tablet et_flex_column_24_24_phone\">\n<div class=\"et_pb_group_0 et_pb_group et-last-child et_pb_module et_grid_group et_pb_css_mix_blend_mode_passthrough\">\n<div class=\"et_pb_text_16 et_pb_text et_pb_bg_layout_light et_pb_module et_flex_module\"><div class=\"et_pb_text_inner\"><p><span style=\"font-weight: 400;\">Profitez d\u2019un h\u00e9bergement pens\u00e9 pour la d\u00e9tente :<\/span><\/p>\n<ul>\n<li style=\"font-weight: 400;\" aria-level=\"1\"><span style=\"font-weight: 400;\">Chambres confortables<\/span><\/li>\n<li style=\"font-weight: 400;\" aria-level=\"1\"><span style=\"font-weight: 400;\">Cuisine \u00e9quip\u00e9e pour pr\u00e9parer vos repas entre amis<\/span><\/li>\n<li style=\"font-weight: 400;\" aria-level=\"1\"><span style=\"font-weight: 400;\">Espace ext\u00e9rieur pour se retrouver<\/span><\/li>\n<li style=\"font-weight: 400;\" aria-level=\"1\"><span style=\"font-weight: 400;\">Cour, parking et nature environnante \u00e0 perte de vue<\/span><\/li>\n<\/ul>\n<p><span style=\"font-weight: 400;\">Le tout dans une ambiance simple et authentique, fid\u00e8le \u00e0 l\u2019esprit du Haut-Doubs.<\/span><\/p>\n<\/div><\/div>\n<\/div>\n<\/div>\n<\/div>\n<\/div>","protected":false},"excerpt":{"rendered":"","protected":false},"author":1,"featured_media":0,"parent":0,"menu_order":0,"comment_status":"closed","ping_status":"closed","template":"","meta":{"footnotes":""},"class_list":["post-50","page","type-page","status-publish","hentry"],"_links":{"self":[{"href":"https:\/\/gites-morteau-louadey.com\/index.php\/wp-json\/wp\/v2\/pages\/50","targetHints":{"allow":["GET"]}}],"collection":[{"href":"https:\/\/gites-morteau-louadey.com\/index.php\/wp-json\/wp\/v2\/pages"}],"about":[{"href":"https:\/\/gites-morteau-louadey.com\/index.php\/wp-json\/wp\/v2\/types\/page"}],"author":[{"embeddable":true,"href":"https:\/\/gites-morteau-louadey.com\/index.php\/wp-json\/wp\/v2\/users\/1"}],"replies":[{"embeddable":true,"href":"https:\/\/gites-morteau-louadey.com\/index.php\/wp-json\/wp\/v2\/comments?post=50"}],"version-history":[{"count":9,"href":"https:\/\/gites-morteau-louadey.com\/index.php\/wp-json\/wp\/v2\/pages\/50\/revisions"}],"predecessor-version":[{"id":265,"href":"https:\/\/gites-morteau-louadey.com\/index.php\/wp-json\/wp\/v2\/pages\/50\/revisions\/265"}],"wp:attachment":[{"href":"https:\/\/gites-morteau-louadey.com\/index.php\/wp-json\/wp\/v2\/media?parent=50"}],"curies":[{"name":"wp","href":"https:\/\/api.w.org\/{rel}","templated":true}]}}