{"id":52,"date":"2026-01-21T12:40:28","date_gmt":"2026-01-21T11:40:28","guid":{"rendered":"https:\/\/gites-morteau-louadey.com\/?page_id=52"},"modified":"2026-02-14T14:47:42","modified_gmt":"2026-02-14T13:47:42","slug":"nos-gites","status":"publish","type":"page","link":"https:\/\/gites-morteau-louadey.com\/index.php\/nos-gites\/","title":{"rendered":"Nos g\u00eetes"},"content":{"rendered":"<div class=\"et_pb_section_0 et_pb_section et_section_regular et_block_section\">\n<div class=\"et_pb_row_0 et_pb_row et_pb_gutters3 et_block_row\">\n<div class=\"et_pb_column_0 et_pb_column et_pb_column_4_4 et-last-child et_block_column et_pb_css_mix_blend_mode_passthrough\">\n<div class=\"et_pb_text_0 et_pb_text et_pb_bg_layout_light et_pb_module et_block_module preset--module--divi-text--854eade0-ccd6-41ff-9530-071eaca79377\"><div class=\"et_pb_text_inner\"><h1>Trois g\u00eetes confortables au coeur du Doubs<\/h1>\n<\/div><\/div>\n<\/div>\n<\/div>\n<\/div>\n\n<div class=\"et_pb_section_1 et_pb_section et_section_regular et_block_section\">\n<div class=\"et_pb_row_1 et_pb_row et_pb_gutters3 et_block_row\">\n<div class=\"et_pb_column_1 et_pb_column et_pb_column_4_4 et-last-child et_block_column et_pb_css_mix_blend_mode_passthrough\">\n<div class=\"et_pb_text_1 et_pb_text et_pb_bg_layout_light et_pb_module et_block_module preset--module--divi-text--e29372d1-d250-4ba9-9707-2edd106cbadf\"><div class=\"et_pb_text_inner\"><h2><b>Une maison comtoise transform\u00e9e en havre de s\u00e9r\u00e9nit\u00e9<\/b><\/h2>\n<\/div><\/div>\n\n<div class=\"et_pb_text_2 et_pb_text et_pb_bg_layout_light et_pb_module et_block_module preset--module--divi-text--f99baddf-022d-450d-b69d-287668b7e9b5\"><div class=\"et_pb_text_inner\"><p><span style=\"font-weight: 400;\">Nich\u00e9s en lisi\u00e8re de for\u00eat,<a href=\"https:\/\/gites-morteau-louadey.com\/index.php\/2026\/02\/05\/bienvenue-aux-gites-de-louadey\/\" target=\"_blank\" rel=\"noopener\"> les G\u00eetes de Louadey vous invitent \u00e0 vivre une parenth\u00e8se apaisante<\/a> entre <a href=\"https:\/\/gites-morteau-louadey.com\/index.php\/activites-proches-de-louadey\/?et_fb=1&amp;PageSpeed=off\" target=\"_blank\" rel=\"noopener\">nature et authenticit\u00e9<\/a>.<\/span><span style=\"font-weight: 400;\"><br \/><\/span><span style=\"font-weight: 400;\">Install\u00e9s dans une <\/span><b>maison comtoise enti\u00e8rement r\u00e9nov\u00e9e<\/b><span style=\"font-weight: 400;\">, nos trois g\u00eetes allient <\/span><b>charme d\u2019antan et confort moderne<\/b><span style=\"font-weight: 400;\"> : int\u00e9rieurs chaleureux, cuisines \u00e9quip\u00e9es, literie de qualit\u00e9 et atmosph\u00e8re propice \u00e0 la d\u00e9tente.<\/span><\/p>\n<p><span style=\"font-weight: 400;\">Que vous soyez en couple, en famille, entre amis ou en groupe, vous trouverez ici <\/span><b>l\u2019espace id\u00e9al pour vous ressourcer et profiter pleinement du Haut-Doubs<\/b><span style=\"font-weight: 400;\">.<\/span><span style=\"font-weight: 400;\"><br \/><\/span><span style=\"font-weight: 400;\">Les g\u00eetes <\/span><b>C\u00f4t\u00e9 Cour<\/b><span style=\"font-weight: 400;\"> et <\/span><b>C\u00f4t\u00e9 Jardin<\/b><span style=\"font-weight: 400;\"> disposent d\u2019un <\/span><b>acc\u00e8s communicant<\/b><span style=\"font-weight: 400;\">, id\u00e9al pour les <\/span><b>s\u00e9jours en groupe ou les grandes familles<\/b><span style=\"font-weight: 400;\"> souhaitant partager leurs moments tout en gardant leur ind\u00e9pendance.<\/span><\/p>\n<p><span style=\"font-weight: 400;\">Les <\/span><b>animaux de compagnie<\/b><span style=\"font-weight: 400;\"> sont \u00e9galement les bienvenus (<\/span><b>5 \u20ac\/nuit<\/b><span style=\"font-weight: 400;\">), afin que toute la famille profite du s\u00e9jour.<\/span><\/p>\n<\/div><\/div>\n<\/div>\n<\/div>\n\n<div class=\"et_pb_row_2 et_pb_row et_pb_gutters3 et_block_row\">\n<div class=\"et_pb_column_2 et_pb_column et_pb_column_1_3 et_block_column et_pb_css_mix_blend_mode_passthrough\">\n<div class=\"et_pb_image_0 et_pb_image et_pb_module et_block_module\"><span class=\"et_pb_image_wrap\"><img decoding=\"async\" src=\"https:\/\/gites-morteau-louadey.com\/wp-content\/uploads\/2026\/01\/Galetas.png\" class=\"wp-image-34\" title=\"organic-farming-15\" \/><\/span><\/div>\n\n<div class=\"et_pb_text_3 et_pb_text et_pb_bg_layout_light et_pb_module et_block_module preset--module--divi-text--021ef0c4-4913-4dfb-8f02-42f3ea8b213a\"><div class=\"et_pb_text_inner\"><h4>Le Galetas<\/h4>\n<\/div><\/div>\n\n<div class=\"et_pb_text_4 et_pb_text et_pb_bg_layout_light et_pb_module et_block_module preset--module--divi-text--5e5345d2-a696-4359-8322-ebe68afa38fc\"><div class=\"et_pb_text_inner\"><h6>Plain-pied et bois\u00e9<\/h6>\n<\/div><\/div>\n\n<div class=\"et_pb_text_5 et_pb_text et_pb_bg_layout_light et_pb_module et_block_module preset--module--divi-text--f99baddf-022d-450d-b69d-287668b7e9b5\"><div class=\"et_pb_text_inner\"><p><b>Acc\u00e8s de plain-pied<\/b><span style=\"font-weight: 400;\">, id\u00e9al pour un s\u00e9jour facile et confortable.<\/span><\/p>\n<p><span style=\"font-weight: 400;\"><br \/><\/span><span style=\"font-weight: 400;\">Le Galetas dispose d\u2019un <\/span><b>hall d\u2019entr\u00e9e<\/b><span style=\"font-weight: 400;\">, d\u2019une <\/span><b>cuisine int\u00e9gr\u00e9e ouverte sur le s\u00e9jour<\/b><span style=\"font-weight: 400;\">, et de <\/span><b>deux chambres<\/b><span style=\"font-weight: 400;\"> avec chacune un lit double (1,40 m), un bureau et une chaise.<\/span><\/p>\n<p><span style=\"font-weight: 400;\"><br \/><\/span><span style=\"font-weight: 400;\">Vous y trouverez \u00e9galement une <\/span><b>salle de bains<\/b><span style=\"font-weight: 400;\"> et des <\/span><b>toilettes s\u00e9par\u00e9es<\/b><span style=\"font-weight: 400;\">.<\/span><\/p>\n<p><span style=\"font-weight: 400;\"><br \/><\/span><span style=\"font-weight: 400;\">Son ambiance bois\u00e9e et sa lumi\u00e8re naturelle en font un cocon douillet pour des s\u00e9jours m\u00e9morables.<\/span><\/p>\n<\/div><\/div>\n\n<div class=\"et_pb_module et_pb_button_module_wrapper et_pb_button_0_wrapper preset--module--divi-button--76a7835a-9f47-44df-b58d-ae50d69e8a77_wrapper\"><a class=\"et_pb_button_0 et_pb_button et_pb_bg_layout_light et_pb_module et_block_module preset--module--divi-button--76a7835a-9f47-44df-b58d-ae50d69e8a77\" href=\"https:\/\/gites-morteau-louadey.com\/index.php\/le-galetas\/\">D\u00e9couvrir<\/a><\/div>\n<\/div>\n\n<div class=\"et_pb_column_3 et_pb_column et_pb_column_1_3 et_block_column et_pb_css_mix_blend_mode_passthrough\">\n<div class=\"et_pb_image_1 et_pb_image et_pb_module et_block_module\"><span class=\"et_pb_image_wrap\"><img decoding=\"async\" src=\"https:\/\/gites-morteau-louadey.com\/wp-content\/uploads\/2026\/01\/CoteCour.png\" class=\"wp-image-32\" title=\"organic-farming-16\" \/><\/span><\/div>\n\n<div class=\"et_pb_text_6 et_pb_text et_pb_bg_layout_light et_pb_module et_block_module preset--module--divi-text--021ef0c4-4913-4dfb-8f02-42f3ea8b213a\"><div class=\"et_pb_text_inner\"><h4>C\u00f4t\u00e9 Cour<\/h4>\n<\/div><\/div>\n\n<div class=\"et_pb_text_7 et_pb_text et_pb_bg_layout_light et_pb_module et_block_module preset--module--divi-text--5e5345d2-a696-4359-8322-ebe68afa38fc\"><div class=\"et_pb_text_inner\"><h6>Pour les familles et les amis<\/h6>\n<\/div><\/div>\n\n<div class=\"et_pb_text_8 et_pb_text et_pb_bg_layout_light et_pb_module et_block_module preset--module--divi-text--f99baddf-022d-450d-b69d-287668b7e9b5\"><div class=\"et_pb_text_inner\"><p><span style=\"font-weight: 400;\">Ce g\u00eete est parfait pour accueillir les familles ou groupes d\u2019amis.<\/span><\/p>\n<p><span style=\"font-weight: 400;\"><\/span><span style=\"font-weight: 400;\">Il comprend une cuisine int\u00e9gr\u00e9e avec salle \u00e0 manger, trois chambres spacieuses \u00e9quip\u00e9es chacune d\u2019un lit double, d\u2019un bureau, ainsi qu\u2019une salle de bains et des WC s\u00e9par\u00e9s.<\/span><\/p>\n<p><span style=\"font-weight: 400;\">Son atmosph\u00e8re chaleureuse et fonctionnelle invite aux repas partag\u00e9s et aux soir\u00e9es conviviales.<\/span><\/p>\n<p><span style=\"font-weight: 400;\">Communiquant avec <\/span><b>C\u00f4t\u00e9 Jardin<\/b><span style=\"font-weight: 400;\">, il peut former un ensemble id\u00e9al pour les s\u00e9jours de groupe.<\/span><\/p>\n<\/div><\/div>\n\n<div class=\"et_pb_module et_pb_button_module_wrapper et_pb_button_1_wrapper preset--module--divi-button--76a7835a-9f47-44df-b58d-ae50d69e8a77_wrapper\"><a class=\"et_pb_button_1 et_pb_button et_pb_bg_layout_light et_pb_module et_block_module preset--module--divi-button--76a7835a-9f47-44df-b58d-ae50d69e8a77\" href=\"https:\/\/gites-morteau-louadey.com\/index.php\/cote-cour\/\">D\u00e9couvrir<\/a><\/div>\n<\/div>\n\n<div class=\"et_pb_column_4 et_pb_column et_pb_column_1_3 et-last-child et_block_column et_pb_css_mix_blend_mode_passthrough\">\n<div class=\"et_pb_image_2 et_pb_image et_pb_module et_block_module\"><span class=\"et_pb_image_wrap\"><img decoding=\"async\" src=\"https:\/\/gites-morteau-louadey.com\/wp-content\/uploads\/2026\/01\/CoteJardin.png\" class=\"wp-image-33\" title=\"organic-farming-17\" \/><\/span><\/div>\n\n<div class=\"et_pb_text_9 et_pb_text et_pb_bg_layout_light et_pb_module et_block_module preset--module--divi-text--021ef0c4-4913-4dfb-8f02-42f3ea8b213a\"><div class=\"et_pb_text_inner\"><h4>C\u00f4t\u00e9 Jardin<\/h4>\n<\/div><\/div>\n\n<div class=\"et_pb_text_10 et_pb_text et_pb_bg_layout_light et_pb_module et_block_module preset--module--divi-text--5e5345d2-a696-4359-8322-ebe68afa38fc\"><div class=\"et_pb_text_inner\"><h6>Une vue d\u00e9gag\u00e9e sur la for\u00eat<\/h6>\n<\/div><\/div>\n\n<div class=\"et_pb_text_11 et_pb_text et_pb_bg_layout_light et_pb_module et_block_module preset--module--divi-text--f99baddf-022d-450d-b69d-287668b7e9b5\"><div class=\"et_pb_text_inner\"><p><span style=\"font-weight: 400;\">Ce g\u00eete offre un acc\u00e8s direct sur l\u2019ext\u00e9rieur et une vue d\u00e9gag\u00e9e sur le jardin et la for\u00eat.<\/span><\/p>\n<p><span style=\"font-weight: 400;\">Il comprend une cuisine int\u00e9gr\u00e9e ouverte sur le salon, deux chambres familiales, chacune \u00e9quip\u00e9e d\u2019un lit double et d\u2019un lit simple.<\/span><\/p>\n<p><span style=\"font-weight: 400;\">Une salle de bains et des WC s\u00e9par\u00e9s compl\u00e8tent l\u2019espace.<\/span><\/p>\n<p><span style=\"font-weight: 400;\">Lumineux et paisible, ce g\u00eete s\u00e9duit par son esprit nature et sa proximit\u00e9 avec <\/span><b>C\u00f4t\u00e9 Cour<\/b><span style=\"font-weight: 400;\">, formant un ensemble id\u00e9al pour les groupes ou les grandes familles.<\/span><\/p>\n<\/div><\/div>\n\n<div class=\"et_pb_module et_pb_button_module_wrapper et_pb_button_2_wrapper preset--module--divi-button--76a7835a-9f47-44df-b58d-ae50d69e8a77_wrapper\"><a class=\"et_pb_button_2 et_pb_button et_pb_bg_layout_light et_pb_module et_block_module preset--module--divi-button--76a7835a-9f47-44df-b58d-ae50d69e8a77\" href=\"https:\/\/gites-morteau-louadey.com\/index.php\/cote-jardin\/\">D\u00e9couvrir<\/a><\/div>\n<\/div>\n<\/div>\n<\/div>\n\n<div class=\"et_pb_section_2 et_pb_section et_section_regular et_block_section\">\n<div class=\"et_pb_row_3 et_pb_row et_pb_gutters3 et_block_row\">\n<div class=\"et_pb_column_5 et_pb_column et_pb_column_4_4 et-last-child et_block_column et_pb_css_mix_blend_mode_passthrough\">\n<div class=\"et_pb_text_12 et_pb_text et_pb_bg_layout_light et_pb_module et_block_module preset--module--divi-text--e29372d1-d250-4ba9-9707-2edd106cbadf\"><div class=\"et_pb_text_inner\"><h2>Confort et services inclus<\/h2>\n<\/div><\/div>\n\n<div class=\"et_pb_accordion_0 et_pb_accordion et_pb_module et_block_module\">\n<div class=\"et_pb_accordion_item_0 et_pb_accordion_item et_pb_toggle et_pb_module et_pb_toggle_open et_block_module\"><h5 class=\"et_pb_toggle_title\">Adapt\u00e9 aux tous petits<\/h5><div class=\"et_pb_toggle_content\"><ul>\n<li>3 lits parapluie<\/li>\n<li>2 chaises hautes<\/li>\n<li>1 petite baignoire pour b\u00e9b\u00e9<\/li>\n<\/ul>\n<\/div><\/div>\n\n<div class=\"et_pb_accordion_item_1 et_pb_accordion_item et_pb_toggle et_pb_module et_pb_toggle_close et_block_module\"><h5 class=\"et_pb_toggle_title\">Literie inclue<\/h5><div class=\"et_pb_toggle_content\"><p>Draps, linges de toilette et de maison fournis<\/p>\n<\/div><\/div>\n\n<div class=\"et_pb_accordion_item_2 et_pb_accordion_item et_pb_toggle et_pb_module et_pb_toggle_close et_block_module\"><h5 class=\"et_pb_toggle_title\">N\u00e9cessaires du quotidien<\/h5><div class=\"et_pb_toggle_content\"><p>S\u00e8che-cheveux, lave-linge, lave-vaisselle&#8230;<\/p>\n<\/div><\/div>\n\n<div class=\"et_pb_accordion_item_3 et_pb_accordion_item et_pb_toggle et_pb_module et_pb_toggle_close et_block_module\"><h5 class=\"et_pb_toggle_title\">Espaces priv\u00e9s &#038; stationnement<\/h5><div class=\"et_pb_toggle_content\"><p>Cour privative et parking privatif \u00e0 disposition<\/p>\n<\/div><\/div>\n\n<div class=\"et_pb_accordion_item_4 et_pb_accordion_item et_pb_toggle et_pb_module et_pb_toggle_close et_block_module\"><h5 class=\"et_pb_toggle_title\">Connectique<\/h5><div class=\"et_pb_toggle_content\"><p>Acc\u00e8s internet fibre en\u00a0<strong>haut d\u00e9bit<\/strong><\/p>\n<\/div><\/div>\n<\/div>\n<\/div>\n<\/div>\n<\/div>","protected":false},"excerpt":{"rendered":"","protected":false},"author":1,"featured_media":0,"parent":0,"menu_order":0,"comment_status":"closed","ping_status":"closed","template":"","meta":{"footnotes":""},"class_list":["post-52","page","type-page","status-publish","hentry"],"_links":{"self":[{"href":"https:\/\/gites-morteau-louadey.com\/index.php\/wp-json\/wp\/v2\/pages\/52","targetHints":{"allow":["GET"]}}],"collection":[{"href":"https:\/\/gites-morteau-louadey.com\/index.php\/wp-json\/wp\/v2\/pages"}],"about":[{"href":"https:\/\/gites-morteau-louadey.com\/index.php\/wp-json\/wp\/v2\/types\/page"}],"author":[{"embeddable":true,"href":"https:\/\/gites-morteau-louadey.com\/index.php\/wp-json\/wp\/v2\/users\/1"}],"replies":[{"embeddable":true,"href":"https:\/\/gites-morteau-louadey.com\/index.php\/wp-json\/wp\/v2\/comments?post=52"}],"version-history":[{"count":8,"href":"https:\/\/gites-morteau-louadey.com\/index.php\/wp-json\/wp\/v2\/pages\/52\/revisions"}],"predecessor-version":[{"id":264,"href":"https:\/\/gites-morteau-louadey.com\/index.php\/wp-json\/wp\/v2\/pages\/52\/revisions\/264"}],"wp:attachment":[{"href":"https:\/\/gites-morteau-louadey.com\/index.php\/wp-json\/wp\/v2\/media?parent=52"}],"curies":[{"name":"wp","href":"https:\/\/api.w.org\/{rel}","templated":true}]}}