{"id":9,"date":"2024-04-18T12:46:48","date_gmt":"2024-04-18T10:46:48","guid":{"rendered":"http:\/\/gites-morteau-louadey.com\/?page_id=9"},"modified":"2026-01-21T12:47:14","modified_gmt":"2026-01-21T11:47:14","slug":"contact","status":"publish","type":"page","link":"https:\/\/gites-morteau-louadey.com\/index.php\/contact\/","title":{"rendered":"Contact"},"content":{"rendered":"<div class=\"et_pb_section_0 et_pb_section et_section_regular et_block_section\">\n<div class=\"et_pb_row_0 et_pb_row et_pb_gutters3 et_block_row\">\n<div class=\"et_pb_column_0 et_pb_column et_pb_column_1_2 et_block_column et_pb_css_mix_blend_mode_passthrough\">\n<div class=\"et_pb_text_0 et_pb_text et_pb_bg_layout_light et_pb_module et_block_module preset--module--divi-text--d80d51f2-fde7-4a0d-a410-ff064ea8528a\"><div class=\"et_pb_text_inner\"><h4>R\u00e9ponse sous 24 \u00e0 48h<\/h4>\n<\/div><\/div>\n\n<div class=\"et_pb_text_1 et_pb_text et_pb_bg_layout_light et_pb_module et_block_module preset--module--divi-text--854eade0-ccd6-41ff-9530-071eaca79377\"><div class=\"et_pb_text_inner\"><h1>Contactez-nous<\/h1>\n<\/div><\/div>\n\n<div class=\"et_pb_text_2 et_pb_text et_pb_bg_layout_light et_pb_module et_block_module preset--module--divi-text--f6c52b6e-00f6-40bd-94c6-08dbf1cac1d8\"><div class=\"et_pb_text_inner\"><p><span style=\"font-weight: 400;\">Pour toute demande d\u2019information, de disponibilit\u00e9 ou de r\u00e9servation, n\u2019h\u00e9sitez pas \u00e0 nous \u00e9crire ou \u00e0 nous appeler.<\/span><span style=\"font-weight: 400;\"><br \/><\/span><span style=\"font-weight: 400;\">Nous vous r\u00e9pondrons avec plaisir dans les plus brefs d\u00e9lais.<\/span><\/p>\n<p><span style=\"font-weight: 400;\">Que ce soit pour un s\u00e9jour en famille, un week-end moto ou des vacances entre amis, les <\/span><b>G\u00eetes de Louadey<\/b><span style=\"font-weight: 400;\"> sont le cadre id\u00e9al pour vivre un moment ressour\u00e7ant au c\u0153ur du Haut-Doubs.<\/span><\/p>\n<\/div><\/div>\n<\/div>\n\n<div class=\"et_pb_column_1 et_pb_column et_pb_column_1_2 et-last-child et_block_column et_pb_css_mix_blend_mode_passthrough\">\n<div class=\"et_pb_contact_form_0 et_pb_contact_form_container clearfix et_pb_module et_flex_module preset--module--divi-contact-form--3e897d94-beae-4c19-8c45-bdc3ceb2f542\" data-form_unique_num=\"0\" data-form_unique_id=\"37352547-b97b-4413-85e2-b00056b20234\" id=\"et_pb_contact_form_0\"><div class=\"et-pb-contact-message\"><\/div><div class=\"et_pb_contact\"><form class=\"et_pb_contact_form et_flex_module\" method=\"post\" action=\"https:\/\/gites-morteau-louadey.com\/index.php\/wp-json\/wp\/v2\/pages\/9\">\n<div class=\"et_pb_contact_field_0 et_pb_contact_field et_pb_module et_flex_module et_flex_column_24_24\" data-id=\"name\" data-type=\"input\"><label class=\"et_pb_contact_form_label\">Nom et pr\u00e9nom<\/label><input type=\"text\" name=\"et_pb_contact_0_name_0\" id=\"et_pb_contact_0_name_0\" class=\"input\" data-required_mark=\"required\" data-field_type=\"input\" data-original_id=\"name\" placeholder=\"Nom et pr\u00e9nom\" title=\"\" value=\"\" \/><\/div>\n\n<div class=\"et_pb_contact_field_1 et_pb_contact_field et_pb_module et_flex_module et_flex_column_24_24\" data-id=\"email\" data-type=\"email\"><label class=\"et_pb_contact_form_label\">Adresse mail<\/label><input type=\"text\" name=\"et_pb_contact_0_email_1\" id=\"et_pb_contact_0_email_1\" class=\"input\" data-required_mark=\"required\" data-field_type=\"email\" data-original_id=\"email\" placeholder=\"Adresse mail\" title=\"\" value=\"\" \/><\/div>\n\n<div class=\"et_pb_contact_field_2 et_pb_contact_field et_pb_module et_flex_module et_flex_column_24_24\" data-id=\"phone\" data-type=\"input\"><label class=\"et_pb_contact_form_label\">T\u00e9l\u00e9phone<\/label><input type=\"text\" name=\"et_pb_contact_0_phone_2\" id=\"et_pb_contact_0_phone_2\" class=\"input\" data-required_mark=\"required\" data-field_type=\"input\" data-original_id=\"phone\" placeholder=\"T\u00e9l\u00e9phone\" pattern=\"[0-9\\s\\-]*\" title=\"Seuls les chiffres sont autoris\u00e9s.\" value=\"\" \/><\/div>\n\n<div class=\"et_pb_contact_field_3 et_pb_contact_field et_pb_module et_flex_module et_flex_column_24_24\" data-id=\"dates\" data-type=\"input\"><label class=\"et_pb_contact_form_label\">Date de s\u00e9jour souhait\u00e9es<\/label><input type=\"text\" name=\"et_pb_contact_0_dates_3\" id=\"et_pb_contact_0_dates_3\" class=\"input\" data-required_mark=\"required\" data-field_type=\"input\" data-original_id=\"dates\" placeholder=\"Date de s\u00e9jour souhait\u00e9es\" title=\"\" value=\"\" \/><\/div>\n\n<div class=\"et_pb_contact_field_4 et_pb_contact_field et_pb_module et_flex_module et_flex_column_24_24\" data-id=\"nombre\" data-type=\"input\"><label class=\"et_pb_contact_form_label\">Nombre de personnes<\/label><input type=\"text\" name=\"et_pb_contact_0_nombre_4\" id=\"et_pb_contact_0_nombre_4\" class=\"input\" data-required_mark=\"required\" data-field_type=\"input\" data-original_id=\"nombre\" placeholder=\"Nombre de personnes\" pattern=\"[0-9\\s\\-]*\" title=\"Seuls les chiffres sont autoris\u00e9s.\" value=\"\" \/><\/div>\n\n<div class=\"et_pb_contact_field_5 et_pb_contact_field et_pb_module et_flex_module et_flex_column_24_24\" data-id=\"reservation\" data-type=\"select\"><label class=\"et_pb_contact_form_label\">Votre r\u00e9servation<\/label><select name=\"et_pb_contact_0_reservation_5\" id=\"et_pb_contact_0_reservation_5\" class=\"et_pb_contact_select input\" data-required_mark=\"required\" data-field_type=\"select\" data-original_id=\"reservation\"><option value=\"Votre r\u00e9servation\">Votre r\u00e9servation<\/option><option value=\"R\u00e9servation libre\" data-id=\"\">R\u00e9servation libre<\/option><option value=\"G\u00eete Le Galetas\" data-id=\"\">G\u00eete Le Galetas<\/option><option value=\"G\u00eete C\u00f4t\u00e9 Cours\" data-id=\"\">G\u00eete C\u00f4t\u00e9 Cours<\/option><option value=\"G\u00eete C\u00f4t\u00e9 Jardin\" data-id=\"\">G\u00eete C\u00f4t\u00e9 Jardin<\/option><option value=\"Information simple\" data-id=\"\">Information simple<\/option><\/select><\/div>\n\n<div class=\"et_pb_contact_field_6 et_pb_contact_field et_pb_module et_flex_module et_flex_column_24_24\" data-id=\"message\" data-type=\"text\"><label class=\"et_pb_contact_form_label\">Message<\/label><textarea name=\"et_pb_contact_0_message_6\" id=\"et_pb_contact_0_message_6\" class=\"et_pb_contact_message input\" data-required_mark=\"required\" data-field_type=\"text\" data-original_id=\"message\" placeholder=\"Message\"><\/textarea><\/div>\n<input type=\"hidden\" name=\"et_pb_contactform_submit_0\" value=\"et_contact_proccess\" \/><div class=\"et_contact_bottom_container\"><div class=\"et_pb_button_wrapper\"><button type=\"submit\" name=\"et_builder_submit_button\" class=\"et_pb_button et_pb_contact_submit\">Envoyer ma demande<\/button><\/div><\/div><input type=\"hidden\" id=\"_wpnonce-et-pb-contact-form-submitted-0\" name=\"_wpnonce-et-pb-contact-form-submitted-0\" value=\"b2ed6ab0b8\" \/><input type=\"hidden\" name=\"_wp_http_referer\" value=\"\/index.php\/wp-json\/wp\/v2\/pages\/9\" \/><\/form><\/div><\/div>\n<\/div>\n<\/div>\n\n<div class=\"et_pb_row_1 et_pb_row et_pb_equal_columns et_pb_gutters1 et_block_row\">\n<div class=\"et_pb_column_2 et_pb_column et_pb_column_1_3 et_block_column et_pb_css_mix_blend_mode_passthrough et_clickable\">\n<div class=\"et_pb_icon_0 et_pb_icon et_pb_module et_block_module\"><span class=\"et_pb_icon_wrap\"><span class=\"et-pb-icon\">\uf10b<\/span><\/span><\/div>\n\n<div class=\"et_pb_text_3 et_pb_text et_pb_bg_layout_light et_pb_module et_block_module preset--module--divi-text--021ef0c4-4913-4dfb-8f02-42f3ea8b213a\"><div class=\"et_pb_text_inner\"><h4>T\u00e9l\u00e9phone<\/h4>\n<\/div><\/div>\n\n<div class=\"et_pb_text_4 et_pb_text et_pb_bg_layout_light et_pb_module et_block_module preset--module--divi-text--f99baddf-022d-450d-b69d-287668b7e9b5\"><div class=\"et_pb_text_inner\"><p><span style=\"font-weight: 400;\">03 81 67 02 63 \/ 06 83 99 09 93<\/span><\/p>\n<\/div><\/div>\n<\/div>\n\n<div class=\"et_pb_column_3 et_pb_column et_pb_column_1_3 et_block_column et_pb_css_mix_blend_mode_passthrough et_clickable\">\n<div class=\"et_pb_icon_1 et_pb_icon et_pb_module et_block_module\"><span class=\"et_pb_icon_wrap\"><span class=\"et-pb-icon\">\uf2b6<\/span><\/span><\/div>\n\n<div class=\"et_pb_text_5 et_pb_text et_pb_bg_layout_light et_pb_module et_block_module preset--module--divi-text--021ef0c4-4913-4dfb-8f02-42f3ea8b213a\"><div class=\"et_pb_text_inner\"><h4>Email<\/h4>\n<\/div><\/div>\n\n<div class=\"et_pb_text_6 et_pb_text et_pb_bg_layout_light et_pb_module et_block_module preset--module--divi-text--f99baddf-022d-450d-b69d-287668b7e9b5\"><div class=\"et_pb_text_inner\"><p><span style=\"font-weight: 400;\">mhsimonin25@gmail.com<\/span><\/p>\n<\/div><\/div>\n<\/div>\n\n<div class=\"et_pb_column_4 et_pb_column et_pb_column_1_3 et-last-child et_block_column et_pb_css_mix_blend_mode_passthrough et_clickable\">\n<div class=\"et_pb_icon_2 et_pb_icon et_pb_module et_block_module\"><span class=\"et_pb_icon_wrap\"><span class=\"et-pb-icon\">\uf3c5<\/span><\/span><\/div>\n\n<div class=\"et_pb_text_7 et_pb_text et_pb_bg_layout_light et_pb_module et_block_module preset--module--divi-text--021ef0c4-4913-4dfb-8f02-42f3ea8b213a\"><div class=\"et_pb_text_inner\"><h4>Adresse<\/h4>\n<\/div><\/div>\n\n<div class=\"et_pb_text_8 et_pb_text et_pb_bg_layout_light et_pb_module et_flex_module\"><div class=\"et_pb_text_inner\"><p><span style=\"font-weight: 400;\">Les G\u00eetes de Louadey<\/span><span style=\"font-weight: 400;\"><br \/><\/span><span style=\"font-weight: 400;\">1 rue de Louadey \u2013 25500 <\/span><b>Montlebon<\/b><span style=\"font-weight: 400;\">, France<\/span><\/p>\n<\/div><\/div>\n<\/div>\n<\/div>\n<\/div>","protected":false},"excerpt":{"rendered":"","protected":false},"author":1,"featured_media":0,"parent":0,"menu_order":0,"comment_status":"closed","ping_status":"closed","template":"","meta":{"footnotes":""},"class_list":["post-9","page","type-page","status-publish","hentry"],"_links":{"self":[{"href":"https:\/\/gites-morteau-louadey.com\/index.php\/wp-json\/wp\/v2\/pages\/9","targetHints":{"allow":["GET"]}}],"collection":[{"href":"https:\/\/gites-morteau-louadey.com\/index.php\/wp-json\/wp\/v2\/pages"}],"about":[{"href":"https:\/\/gites-morteau-louadey.com\/index.php\/wp-json\/wp\/v2\/types\/page"}],"author":[{"embeddable":true,"href":"https:\/\/gites-morteau-louadey.com\/index.php\/wp-json\/wp\/v2\/users\/1"}],"replies":[{"embeddable":true,"href":"https:\/\/gites-morteau-louadey.com\/index.php\/wp-json\/wp\/v2\/comments?post=9"}],"version-history":[{"count":6,"href":"https:\/\/gites-morteau-louadey.com\/index.php\/wp-json\/wp\/v2\/pages\/9\/revisions"}],"predecessor-version":[{"id":118,"href":"https:\/\/gites-morteau-louadey.com\/index.php\/wp-json\/wp\/v2\/pages\/9\/revisions\/118"}],"wp:attachment":[{"href":"https:\/\/gites-morteau-louadey.com\/index.php\/wp-json\/wp\/v2\/media?parent=9"}],"curies":[{"name":"wp","href":"https:\/\/api.w.org\/{rel}","templated":true}]}}